{"id":840,"date":"2025-08-15T18:10:57","date_gmt":"2025-08-15T18:10:57","guid":{"rendered":"https:\/\/www.zrzky.sk\/?page_id=840"},"modified":"2025-08-17T18:43:26","modified_gmt":"2025-08-17T18:43:26","slug":"zasady-ochrany-a-spracovania-osobnych-udajov","status":"publish","type":"page","link":"https:\/\/www.zrzky.sk\/en\/zasady-ochrany-a-spracovania-osobnych-udajov","title":{"rendered":"Z\u00e1sady ochrany a spracovania osobn\u00fdch \u00fadajov"},"content":{"rendered":"<div data-elementor-type=\"wp-page\" data-elementor-id=\"840\" class=\"elementor elementor-840\" data-elementor-post-type=\"page\">\n\t\t\t\t<div class=\"elementor-element elementor-element-19bf0452 e-flex e-con-boxed e-con e-parent\" data-id=\"19bf0452\" data-element_type=\"container\" data-settings=\"{&quot;background_background&quot;:&quot;classic&quot;}\">\n\t\t\t\t\t<div class=\"e-con-inner\">\n\t\t<div class=\"elementor-element elementor-element-242866ec e-con-full e-flex e-con e-child\" data-id=\"242866ec\" data-element_type=\"container\">\n\t\t<div class=\"elementor-element elementor-element-261aedd0 e-con-full e-flex e-con e-child\" data-id=\"261aedd0\" data-element_type=\"container\">\n\t\t\t\t<div class=\"elementor-element elementor-element-bccc910 elementor-widget elementor-widget-heading\" data-id=\"bccc910\" data-element_type=\"widget\" data-widget_type=\"heading.default\">\n\t\t\t\t\t<h4 class=\"elementor-heading-title elementor-size-default\">Inform\u00e1cie o sprac\u00favan\u00ed osobn\u00fdch \u00fadajov a z\u00e1sady ochrany osobn\u00fdch \u00fadajov\n<\/h4>\t\t\t\t<\/div>\n\t\t\t\t<div class=\"elementor-element elementor-element-02c3799 elementor-widget elementor-widget-text-editor\" data-id=\"02c3799\" data-element_type=\"widget\" data-widget_type=\"text-editor.default\">\n\t\t\t\t\t\t\t\t\t<p>Sprac\u00favame va\u0161e osobn\u00e9 \u00fadaje na z\u00e1klade opr\u00e1vnen\u00e9ho z\u00e1ujmu (napr\u00edklad pri realiz\u00e1cii n\u00e1kupu) alebo na z\u00e1klade va\u0161ej registr\u00e1cie na odber newslettera na str\u00e1nke na\u0161ej spolo\u010dnosti Zrzky, s.r.o., aby sme v\u00e1s mohli informova\u0165 o novink\u00e1ch a ponuke na\u0161ej vinot\u00e9ky.<\/p><p>Prev\u00e1dzkovate\u013e:\u00a0Zrzky, s.r.o., I\u010cO: 53202112, DI\u010c: 2121310961, I\u010c DPH: SK2121310961, s\u00eddlo: Chemick\u00e1 1030\/5, 831 04 Bratislava \u2013 mestsk\u00e1 \u010das\u0165 Nov\u00e9 Mesto, zap\u00edsan\u00e1 v Obchodnom registri Mestsk\u00e9ho s\u00fadu Bratislava III, oddiel: Sro, vlo\u017eka \u010d. 146998\/B. Osobn\u00fdmi \u00fadajmi rozumieme ak\u00e9ko\u013evek inform\u00e1cie t\u00fdkaj\u00face sa identifikovanej alebo identifikovate\u013enej fyzickej osoby (\u201edotknut\u00e1 osoba\u201c). Dotknut\u00e1 osoba vyhlasuje, \u017ee poskytnut\u00e9 \u00fadaje s\u00fa pravdiv\u00e9, \u00fapln\u00e9 a spr\u00e1vne.<\/p>\t\t\t\t\t\t\t\t<\/div>\n\t\t\t\t<div class=\"elementor-element elementor-element-e701c2a elementor-widget elementor-widget-heading\" data-id=\"e701c2a\" data-element_type=\"widget\" data-widget_type=\"heading.default\">\n\t\t\t\t\t<h4 class=\"elementor-heading-title elementor-size-default\">Rozsah sprac\u00favan\u00fdch \u00fadajov<\/h4>\t\t\t\t<\/div>\n\t\t\t\t<div class=\"elementor-element elementor-element-a3d2ced elementor-widget elementor-widget-text-editor\" data-id=\"a3d2ced\" data-element_type=\"widget\" data-widget_type=\"text-editor.default\">\n\t\t\t\t\t\t\t\t\t<ul><li><p>oslovenie, titul, krstn\u00e9 meno, priezvisko,<\/p><\/li><li><p>adresa (ulica, mesto, PS\u010c),<\/p><\/li><li><p>e-mail, telef\u00f3nne \u010d\u00edslo.<\/p><\/li><\/ul>\t\t\t\t\t\t\t\t<\/div>\n\t\t\t\t<div class=\"elementor-element elementor-element-09f696d elementor-widget elementor-widget-heading\" data-id=\"09f696d\" data-element_type=\"widget\" data-widget_type=\"heading.default\">\n\t\t\t\t\t<h4 class=\"elementor-heading-title elementor-size-default\">\u00da\u010del sprac\u00favania\n<\/h4>\t\t\t\t<\/div>\n\t\t\t\t<div class=\"elementor-element elementor-element-00b66ea elementor-widget elementor-widget-text-editor\" data-id=\"00b66ea\" data-element_type=\"widget\" data-widget_type=\"text-editor.default\">\n\t\t\t\t\t\t\t\t\t<ul><li><p>poskytnutie cenovej ponuky, potvrdenie objedn\u00e1vky,<\/p><\/li><li><p>vystavenie a doru\u010denie fakt\u00far a da\u0148ov\u00fdch dokladov,<\/p><\/li><li><p>dodanie a doru\u010denie tovaru, vystavenie dodacieho listu,<\/p><\/li><li><p>vybavenie reklam\u00e1cie alebo vr\u00e1tenie tovaru,<\/p><\/li><li><p>komunik\u00e1cia medzi vami a spolo\u010dnos\u0165ou Zrzky, s.r.o.,<\/p><\/li><li><p>marketingov\u00e9 \u00fa\u010dely (iba ak udel\u00edte s\u00fahlas).<\/p><\/li><\/ul>\t\t\t\t\t\t\t\t<\/div>\n\t\t\t\t<div class=\"elementor-element elementor-element-3db5b83 elementor-widget elementor-widget-heading\" data-id=\"3db5b83\" data-element_type=\"widget\" data-widget_type=\"heading.default\">\n\t\t\t\t\t<h4 class=\"elementor-heading-title elementor-size-default\">Pr\u00e1vny z\u00e1klad sprac\u00favania\n<\/h4>\t\t\t\t<\/div>\n\t\t\t\t<div class=\"elementor-element elementor-element-46c7e43 elementor-widget elementor-widget-text-editor\" data-id=\"46c7e43\" data-element_type=\"widget\" data-widget_type=\"text-editor.default\">\n\t\t\t\t\t\t\t\t\t<ul><li><p>\u010dl. 6 ods. 1 p\u00edsm. b) GDPR \u2013 sprac\u00favanie je nevyhnutn\u00e9 pre plnenie zmluvy (dodanie tovaru\/slu\u017eieb),<\/p><\/li><li><p>\u010dl. 6 ods. 1 p\u00edsm. a) GDPR \u2013 marketingov\u00e9 \u00fa\u010dely, iba na z\u00e1klade v\u00e1\u0161ho s\u00fahlasu.<\/p><\/li><\/ul>\t\t\t\t\t\t\t\t<\/div>\n\t\t\t\t<div class=\"elementor-element elementor-element-5f2943a elementor-widget elementor-widget-heading\" data-id=\"5f2943a\" data-element_type=\"widget\" data-widget_type=\"heading.default\">\n\t\t\t\t\t<h4 class=\"elementor-heading-title elementor-size-default\">Doba uchov\u00e1vania \u00fadajov\n<\/h4>\t\t\t\t<\/div>\n\t\t\t\t<div class=\"elementor-element elementor-element-a57eab9 elementor-widget elementor-widget-text-editor\" data-id=\"a57eab9\" data-element_type=\"widget\" data-widget_type=\"text-editor.default\">\n\t\t\t\t\t\t\t\t\t<p>\u00dadaje bud\u00fa uchov\u00e1van\u00e9 do naplnenia \u00fa\u010delu sprac\u00favania a pod\u013ea z\u00e1konn\u00fdch leh\u00f4t (napr. \u00fa\u010dtovn\u00fdch), najviac v\u0161ak 10 rokov od ich poskytnutia. Po tejto dobe bud\u00fa bezodkladne zlikvidovan\u00e9.<\/p>\t\t\t\t\t\t\t\t<\/div>\n\t\t\t\t<div class=\"elementor-element elementor-element-5b841d3 elementor-widget elementor-widget-heading\" data-id=\"5b841d3\" data-element_type=\"widget\" data-widget_type=\"heading.default\">\n\t\t\t\t\t<h4 class=\"elementor-heading-title elementor-size-default\">Pr\u00e1va dotknutej osoby<\/h4>\t\t\t\t<\/div>\n\t\t\t\t<div class=\"elementor-element elementor-element-f91527b elementor-widget elementor-widget-text-editor\" data-id=\"f91527b\" data-element_type=\"widget\" data-widget_type=\"text-editor.default\">\n\t\t\t\t\t\t\t\t\t<p>Pod\u013ea kapitoly III GDPR m\u00e1te pr\u00e1vo:<\/p><ul><li><p>na pr\u00edstup k \u00fadajom, opravu, vymazanie,<\/p><\/li><li><p>na obmedzenie sprac\u00favania a prenosnos\u0165 \u00fadajov,<\/p><\/li><li><p>namieta\u0165 proti sprac\u00favaniu,<\/p><\/li><li><p>poda\u0165 s\u0165a\u017enos\u0165 na \u00darad na ochranu osobn\u00fdch \u00fadajov SR.<\/p><\/li><\/ul>\t\t\t\t\t\t\t\t<\/div>\n\t\t\t\t<div class=\"elementor-element elementor-element-23e314f elementor-widget elementor-widget-heading\" data-id=\"23e314f\" data-element_type=\"widget\" data-widget_type=\"heading.default\">\n\t\t\t\t\t<h4 class=\"elementor-heading-title elementor-size-default\">Odvolanie s\u00fahlasu<\/h4>\t\t\t\t<\/div>\n\t\t\t\t<div class=\"elementor-element elementor-element-4ef27b8 elementor-widget elementor-widget-text-editor\" data-id=\"4ef27b8\" data-element_type=\"widget\" data-widget_type=\"text-editor.default\">\n\t\t\t\t\t\t\t\t\t<p>S\u00fahlas s marketingov\u00fdm spracovan\u00edm \u00fadajov m\u00f4\u017eete kedyko\u013evek odvola\u0165:<\/p><ul><li><p>e-mailom na\u00a0<a href=\"mailto:zrzky.bratislava@gmail.com\" target=\"_blank\" rel=\"noopener\">zrzky.bratislava@gmail.com<\/a>,<\/p><\/li><li><p>alebo kliknut\u00edm na tla\u010didlo\u00a0<em>\u201eOdhl\u00e1si\u0165 sa z odberu newslettera\u201c<\/em>\u00a0v dolnej \u010dasti ka\u017ed\u00e9ho newslettera.<\/p><\/li><\/ul><p>Va\u0161e \u00fadaje m\u00f4\u017eu by\u0165 spr\u00edstupnen\u00e9 poskytovate\u013eovi webhostingu alebo sprostredkovate\u013eom, ktor\u00ed s\u00fa uveden\u00ed na webovej str\u00e1nke prev\u00e1dzkovate\u013ea.<\/p>\t\t\t\t\t\t\t\t<\/div>\n\t\t\t\t<\/div>\n\t\t\t\t<\/div>\n\t\t\t\t\t<\/div>\n\t\t\t\t<\/div>\n\t\t\t\t<\/div>","protected":false},"excerpt":{"rendered":"<p>Inform\u00e1cie o sprac\u00favan\u00ed osobn\u00fdch \u00fadajov a z\u00e1sady ochrany osobn\u00fdch \u00fadajov Sprac\u00favame va\u0161e osobn\u00e9 \u00fadaje na z\u00e1klade opr\u00e1vnen\u00e9ho z\u00e1ujmu (napr\u00edklad pri realiz\u00e1cii n\u00e1kupu) alebo na z\u00e1klade va\u0161ej registr\u00e1cie na odber newslettera na str\u00e1nke na\u0161ej spolo\u010dnosti Zrzky, s.r.o., aby sme v\u00e1s mohli informova\u0165 o novink\u00e1ch a ponuke na\u0161ej vinot\u00e9ky. Prev\u00e1dzkovate\u013e:\u00a0Zrzky, s.r.o., I\u010cO: 53202112, DI\u010c: 2121310961, I\u010c DPH: [&hellip;]<\/p>","protected":false},"author":1,"featured_media":0,"parent":0,"menu_order":0,"comment_status":"closed","ping_status":"closed","template":"elementor_header_footer","meta":{"footnotes":""},"class_list":["post-840","page","type-page","status-publish","hentry"],"yoast_head":"<!-- This site is optimized with the Yoast SEO plugin v26.3 - https:\/\/yoast.com\/wordpress\/plugins\/seo\/ -->\n<title>Z\u00e1sady ochrany a spracovania osobn\u00fdch \u00fadajov - Zrzky Wine &amp; Tapas<\/title>\n<meta name=\"description\" content=\"Zrzky Wine &amp; Tapas \u2013 vin\u00e1re\u0148 v srdci Bratislavy. \u0160panielske v\u00edna, tapas a \u017eiv\u00e1 hudba v autentickej atmosf\u00e9re, ktor\u00fa si zamilujete.\" \/>\n<meta name=\"robots\" content=\"index, follow, max-snippet:-1, max-image-preview:large, max-video-preview:-1\" \/>\n<link rel=\"canonical\" href=\"https:\/\/www.zrzky.sk\/en\/zasady-ochrany-a-spracovania-osobnych-udajov\/\" \/>\n<meta property=\"og:locale\" content=\"en_GB\" \/>\n<meta property=\"og:type\" content=\"article\" \/>\n<meta property=\"og:title\" content=\"Z\u00e1sady ochrany a spracovania osobn\u00fdch \u00fadajov - Zrzky Wine &amp; Tapas\" \/>\n<meta property=\"og:description\" content=\"Zrzky Wine &amp; Tapas \u2013 vin\u00e1re\u0148 v srdci Bratislavy. \u0160panielske v\u00edna, tapas a \u017eiv\u00e1 hudba v autentickej atmosf\u00e9re, ktor\u00fa si zamilujete.\" \/>\n<meta property=\"og:url\" content=\"https:\/\/www.zrzky.sk\/en\/zasady-ochrany-a-spracovania-osobnych-udajov\/\" \/>\n<meta property=\"og:site_name\" content=\"Zrzky Wine &amp; Tapas\" \/>\n<meta property=\"article:publisher\" content=\"https:\/\/www.facebook.com\/zrzky.bratislava\/?locale=sk_SK\" \/>\n<meta property=\"article:modified_time\" content=\"2025-08-17T18:43:26+00:00\" \/>\n<meta name=\"twitter:card\" content=\"summary_large_image\" \/>\n<meta name=\"twitter:label1\" content=\"Estimated reading time\" \/>\n\t<meta name=\"twitter:data1\" content=\"2 minutes\" \/>\n<script type=\"application\/ld+json\" class=\"yoast-schema-graph\">{\"@context\":\"https:\/\/schema.org\",\"@graph\":[{\"@type\":\"WebPage\",\"@id\":\"https:\/\/www.zrzky.sk\/zasady-ochrany-a-spracovania-osobnych-udajov\",\"url\":\"https:\/\/www.zrzky.sk\/zasady-ochrany-a-spracovania-osobnych-udajov\",\"name\":\"Z\u00e1sady ochrany a spracovania osobn\u00fdch \u00fadajov - Zrzky Wine &amp; Tapas\",\"isPartOf\":{\"@id\":\"https:\/\/www.zrzky.sk\/#website\"},\"datePublished\":\"2025-08-15T18:10:57+00:00\",\"dateModified\":\"2025-08-17T18:43:26+00:00\",\"description\":\"Zrzky Wine & Tapas \u2013 vin\u00e1re\u0148 v srdci Bratislavy. \u0160panielske v\u00edna, tapas a \u017eiv\u00e1 hudba v autentickej atmosf\u00e9re, ktor\u00fa si zamilujete.\",\"breadcrumb\":{\"@id\":\"https:\/\/www.zrzky.sk\/zasady-ochrany-a-spracovania-osobnych-udajov#breadcrumb\"},\"inLanguage\":\"en-GB\",\"potentialAction\":[{\"@type\":\"ReadAction\",\"target\":[\"https:\/\/www.zrzky.sk\/zasady-ochrany-a-spracovania-osobnych-udajov\"]}]},{\"@type\":\"BreadcrumbList\",\"@id\":\"https:\/\/www.zrzky.sk\/zasady-ochrany-a-spracovania-osobnych-udajov#breadcrumb\",\"itemListElement\":[{\"@type\":\"ListItem\",\"position\":1,\"name\":\"Domovsk\u00e1 str\u00e1nka\",\"item\":\"https:\/\/www.zrzky.sk\/\"},{\"@type\":\"ListItem\",\"position\":2,\"name\":\"Z\u00e1sady ochrany a spracovania osobn\u00fdch \u00fadajov\"}]},{\"@type\":\"WebSite\",\"@id\":\"https:\/\/www.zrzky.sk\/#website\",\"url\":\"https:\/\/www.zrzky.sk\/\",\"name\":\"Zrzky Wine & Tapas\",\"description\":\"\",\"publisher\":{\"@id\":\"https:\/\/www.zrzky.sk\/#organization\"},\"potentialAction\":[{\"@type\":\"SearchAction\",\"target\":{\"@type\":\"EntryPoint\",\"urlTemplate\":\"https:\/\/www.zrzky.sk\/?s={search_term_string}\"},\"query-input\":{\"@type\":\"PropertyValueSpecification\",\"valueRequired\":true,\"valueName\":\"search_term_string\"}}],\"inLanguage\":\"en-GB\"},{\"@type\":\"Organization\",\"@id\":\"https:\/\/www.zrzky.sk\/#organization\",\"name\":\"Zrzky Wine & Tapas\",\"url\":\"https:\/\/www.zrzky.sk\/\",\"logo\":{\"@type\":\"ImageObject\",\"inLanguage\":\"en-GB\",\"@id\":\"https:\/\/www.zrzky.sk\/#\/schema\/logo\/image\/\",\"url\":\"https:\/\/www.zrzky.sk\/wp-content\/uploads\/2025\/08\/logo_kruh2.png\",\"contentUrl\":\"https:\/\/www.zrzky.sk\/wp-content\/uploads\/2025\/08\/logo_kruh2.png\",\"width\":996,\"height\":610,\"caption\":\"Zrzky Wine & Tapas\"},\"image\":{\"@id\":\"https:\/\/www.zrzky.sk\/#\/schema\/logo\/image\/\"},\"sameAs\":[\"https:\/\/www.facebook.com\/zrzky.bratislava\/?locale=sk_SK\",\"https:\/\/www.instagram.com\/zrzky.bratislava\/\"]}]}<\/script>\n<!-- \/ Yoast SEO plugin. -->","yoast_head_json":{"title":"Z\u00e1sady ochrany a spracovania osobn\u00fdch \u00fadajov - Zrzky Wine &amp; Tapas","description":"Zrzky Wine & Tapas \u2013 vin\u00e1re\u0148 v srdci Bratislavy. \u0160panielske v\u00edna, tapas a \u017eiv\u00e1 hudba v autentickej atmosf\u00e9re, ktor\u00fa si zamilujete.","robots":{"index":"index","follow":"follow","max-snippet":"max-snippet:-1","max-image-preview":"max-image-preview:large","max-video-preview":"max-video-preview:-1"},"canonical":"https:\/\/www.zrzky.sk\/en\/zasady-ochrany-a-spracovania-osobnych-udajov\/","og_locale":"en_GB","og_type":"article","og_title":"Z\u00e1sady ochrany a spracovania osobn\u00fdch \u00fadajov - Zrzky Wine &amp; Tapas","og_description":"Zrzky Wine & Tapas \u2013 vin\u00e1re\u0148 v srdci Bratislavy. \u0160panielske v\u00edna, tapas a \u017eiv\u00e1 hudba v autentickej atmosf\u00e9re, ktor\u00fa si zamilujete.","og_url":"https:\/\/www.zrzky.sk\/en\/zasady-ochrany-a-spracovania-osobnych-udajov\/","og_site_name":"Zrzky Wine &amp; Tapas","article_publisher":"https:\/\/www.facebook.com\/zrzky.bratislava\/?locale=sk_SK","article_modified_time":"2025-08-17T18:43:26+00:00","twitter_card":"summary_large_image","twitter_misc":{"Estimated reading time":"2 minutes"},"schema":{"@context":"https:\/\/schema.org","@graph":[{"@type":"WebPage","@id":"https:\/\/www.zrzky.sk\/zasady-ochrany-a-spracovania-osobnych-udajov","url":"https:\/\/www.zrzky.sk\/zasady-ochrany-a-spracovania-osobnych-udajov","name":"Z\u00e1sady ochrany a spracovania osobn\u00fdch \u00fadajov - Zrzky Wine &amp; Tapas","isPartOf":{"@id":"https:\/\/www.zrzky.sk\/#website"},"datePublished":"2025-08-15T18:10:57+00:00","dateModified":"2025-08-17T18:43:26+00:00","description":"Zrzky Wine & Tapas \u2013 vin\u00e1re\u0148 v srdci Bratislavy. \u0160panielske v\u00edna, tapas a \u017eiv\u00e1 hudba v autentickej atmosf\u00e9re, ktor\u00fa si zamilujete.","breadcrumb":{"@id":"https:\/\/www.zrzky.sk\/zasady-ochrany-a-spracovania-osobnych-udajov#breadcrumb"},"inLanguage":"en-GB","potentialAction":[{"@type":"ReadAction","target":["https:\/\/www.zrzky.sk\/zasady-ochrany-a-spracovania-osobnych-udajov"]}]},{"@type":"BreadcrumbList","@id":"https:\/\/www.zrzky.sk\/zasady-ochrany-a-spracovania-osobnych-udajov#breadcrumb","itemListElement":[{"@type":"ListItem","position":1,"name":"Domovsk\u00e1 str\u00e1nka","item":"https:\/\/www.zrzky.sk\/"},{"@type":"ListItem","position":2,"name":"Z\u00e1sady ochrany a spracovania osobn\u00fdch \u00fadajov"}]},{"@type":"WebSite","@id":"https:\/\/www.zrzky.sk\/#website","url":"https:\/\/www.zrzky.sk\/","name":"Zrzky Wine & Tapas","description":"","publisher":{"@id":"https:\/\/www.zrzky.sk\/#organization"},"potentialAction":[{"@type":"SearchAction","target":{"@type":"EntryPoint","urlTemplate":"https:\/\/www.zrzky.sk\/?s={search_term_string}"},"query-input":{"@type":"PropertyValueSpecification","valueRequired":true,"valueName":"search_term_string"}}],"inLanguage":"en-GB"},{"@type":"Organization","@id":"https:\/\/www.zrzky.sk\/#organization","name":"Zrzky Wine & Tapas","url":"https:\/\/www.zrzky.sk\/","logo":{"@type":"ImageObject","inLanguage":"en-GB","@id":"https:\/\/www.zrzky.sk\/#\/schema\/logo\/image\/","url":"https:\/\/www.zrzky.sk\/wp-content\/uploads\/2025\/08\/logo_kruh2.png","contentUrl":"https:\/\/www.zrzky.sk\/wp-content\/uploads\/2025\/08\/logo_kruh2.png","width":996,"height":610,"caption":"Zrzky Wine & Tapas"},"image":{"@id":"https:\/\/www.zrzky.sk\/#\/schema\/logo\/image\/"},"sameAs":["https:\/\/www.facebook.com\/zrzky.bratislava\/?locale=sk_SK","https:\/\/www.instagram.com\/zrzky.bratislava\/"]}]}},"_links":{"self":[{"href":"https:\/\/www.zrzky.sk\/en\/wp-json\/wp\/v2\/pages\/840","targetHints":{"allow":["GET"]}}],"collection":[{"href":"https:\/\/www.zrzky.sk\/en\/wp-json\/wp\/v2\/pages"}],"about":[{"href":"https:\/\/www.zrzky.sk\/en\/wp-json\/wp\/v2\/types\/page"}],"author":[{"embeddable":true,"href":"https:\/\/www.zrzky.sk\/en\/wp-json\/wp\/v2\/users\/1"}],"replies":[{"embeddable":true,"href":"https:\/\/www.zrzky.sk\/en\/wp-json\/wp\/v2\/comments?post=840"}],"version-history":[{"count":7,"href":"https:\/\/www.zrzky.sk\/en\/wp-json\/wp\/v2\/pages\/840\/revisions"}],"predecessor-version":[{"id":1022,"href":"https:\/\/www.zrzky.sk\/en\/wp-json\/wp\/v2\/pages\/840\/revisions\/1022"}],"wp:attachment":[{"href":"https:\/\/www.zrzky.sk\/en\/wp-json\/wp\/v2\/media?parent=840"}],"curies":[{"name":"wp","href":"https:\/\/api.w.org\/{rel}","templated":true}]}}