{"id":24,"date":"2025-08-11T09:37:48","date_gmt":"2025-08-11T09:37:48","guid":{"rendered":"https:\/\/www.zrzky.sk\/about"},"modified":"2025-08-17T19:05:08","modified_gmt":"2025-08-17T19:05:08","slug":"about","status":"publish","type":"page","link":"https:\/\/www.zrzky.sk\/en\/about","title":{"rendered":"Who We Are"},"content":{"rendered":"<div data-elementor-type=\"wp-page\" data-elementor-id=\"24\" class=\"elementor elementor-24\" data-elementor-post-type=\"page\">\n\t\t\t\t<div class=\"elementor-element elementor-element-e52473b e-con-full e-flex e-con e-parent\" data-id=\"e52473b\" data-element_type=\"container\" data-settings=\"{&quot;background_background&quot;:&quot;classic&quot;}\">\n\t\t<div class=\"elementor-element elementor-element-4948ece8 e-con-full e-flex e-con e-child\" data-id=\"4948ece8\" data-element_type=\"container\">\n\t\t\t\t<div class=\"elementor-element elementor-element-2ea5e88 elementor-widget elementor-widget-image\" data-id=\"2ea5e88\" data-element_type=\"widget\" data-widget_type=\"image.default\">\n\t\t\t\t\t\t\t\t\t\t\t\t\t\t\t<img fetchpriority=\"high\" decoding=\"async\" width=\"800\" height=\"429\" src=\"https:\/\/www.zrzky.sk\/wp-content\/uploads\/2025\/08\/ilustracia01-1024x549.png\" class=\"attachment-large size-large wp-image-383\" alt=\"\" srcset=\"https:\/\/www.zrzky.sk\/wp-content\/uploads\/2025\/08\/ilustracia01-1024x549.png 1024w, https:\/\/www.zrzky.sk\/wp-content\/uploads\/2025\/08\/ilustracia01-scaled-600x321.png 600w, https:\/\/www.zrzky.sk\/wp-content\/uploads\/2025\/08\/ilustracia01-300x161.png 300w, https:\/\/www.zrzky.sk\/wp-content\/uploads\/2025\/08\/ilustracia01-768x411.png 768w, https:\/\/www.zrzky.sk\/wp-content\/uploads\/2025\/08\/ilustracia01-1536x823.png 1536w, https:\/\/www.zrzky.sk\/wp-content\/uploads\/2025\/08\/ilustracia01-2048x1097.png 2048w\" sizes=\"(max-width: 800px) 100vw, 800px\" \/>\t\t\t\t\t\t\t\t\t\t\t\t\t\t\t<\/div>\n\t\t\t\t<\/div>\n\t\t\t\t<\/div>\n\t\t<div class=\"elementor-element elementor-element-53fb47c e-con-full e-flex e-con e-parent\" data-id=\"53fb47c\" data-element_type=\"container\" data-settings=\"{&quot;background_background&quot;:&quot;classic&quot;}\">\n\t\t<div class=\"elementor-element elementor-element-1f77c5a e-con-full e-flex e-con e-child\" data-id=\"1f77c5a\" data-element_type=\"container\">\n\t\t\t\t<div class=\"elementor-element elementor-element-4df0f21 elementor-widget elementor-widget-heading\" data-id=\"4df0f21\" data-element_type=\"widget\" data-widget_type=\"heading.default\">\n\t\t\t\t\t<h2 class=\"elementor-heading-title elementor-size-default\">Hola amigos, qu\u00e9 tal?<\/h2>\t\t\t\t<\/div>\n\t\t\t\t<div class=\"elementor-element elementor-element-80d0ed4 elementor-widget elementor-widget-image\" data-id=\"80d0ed4\" data-element_type=\"widget\" data-widget_type=\"image.default\">\n\t\t\t\t\t\t\t\t\t\t\t\t\t\t\t<img decoding=\"async\" width=\"800\" height=\"63\" src=\"https:\/\/www.zrzky.sk\/wp-content\/uploads\/2025\/08\/underline-1024x81.png\" class=\"attachment-large size-large wp-image-128\" alt=\"\" srcset=\"https:\/\/www.zrzky.sk\/wp-content\/uploads\/2025\/08\/underline-1024x81.png 1024w, https:\/\/www.zrzky.sk\/wp-content\/uploads\/2025\/08\/underline-600x47.png 600w, https:\/\/www.zrzky.sk\/wp-content\/uploads\/2025\/08\/underline-300x24.png 300w, https:\/\/www.zrzky.sk\/wp-content\/uploads\/2025\/08\/underline-768x60.png 768w, https:\/\/www.zrzky.sk\/wp-content\/uploads\/2025\/08\/underline-1536x121.png 1536w, https:\/\/www.zrzky.sk\/wp-content\/uploads\/2025\/08\/underline-2048x161.png 2048w\" sizes=\"(max-width: 800px) 100vw, 800px\" \/>\t\t\t\t\t\t\t\t\t\t\t\t\t\t\t<\/div>\n\t\t\t\t<div class=\"elementor-element elementor-element-669d6d1 elementor-widget elementor-widget-text-editor\" data-id=\"669d6d1\" data-element_type=\"widget\" data-widget_type=\"text-editor.default\">\n\t\t\t\t\t\t\t\t\t<p>We are Klaudia and Izabela \u2013 two sisters, two redheads who one day said to each other: \"Let's bring a piece of Spain to Bratislava!\"<\/p><p>Our love for Spain and fine wines is deeply rooted in our hearts. We love Spain for its relaxed lifestyle, for the art of enjoying the present moment, for its passion for food, wine, and friendship. For those endless evenings and conversations under the open sky, when everything is resolved with a glass in hand and a smile on your face. We feel that time flows differently in Spain \u2013 more slowly.<br \/><br \/><\/p><p>And it was this love that gave rise to Zrzky \u2013 Wine &amp; Tapas: a unique place where Spanish hospitality, exclusive wines, and authentic tapas come together.<\/p>\t\t\t\t\t\t\t\t<\/div>\n\t\t\t\t<\/div>\n\t\t<div class=\"elementor-element elementor-element-5dc5a1a e-con-full e-flex e-con e-child\" data-id=\"5dc5a1a\" data-element_type=\"container\" data-settings=\"{&quot;background_background&quot;:&quot;classic&quot;}\">\n\t\t\t\t<\/div>\n\t\t\t\t<\/div>\n\t\t<div class=\"elementor-element elementor-element-191fe72 e-flex e-con-boxed e-con e-parent\" data-id=\"191fe72\" data-element_type=\"container\" data-settings=\"{&quot;background_background&quot;:&quot;classic&quot;}\">\n\t\t\t\t\t<div class=\"e-con-inner\">\n\t\t\t\t<div class=\"elementor-element elementor-element-7961486 elementor-view-default elementor-widget elementor-widget-icon\" data-id=\"7961486\" data-element_type=\"widget\" data-widget_type=\"icon.default\">\n\t\t\t\t\t\t\t<div class=\"elementor-icon-wrapper\">\n\t\t\t<div class=\"elementor-icon\">\n\t\t\t<svg xmlns=\"http:\/\/www.w3.org\/2000\/svg\" xmlns:xlink=\"http:\/\/www.w3.org\/1999\/xlink\" id=\"Layer_1\" x=\"0px\" y=\"0px\" viewbox=\"0 0 133.1 182.5\" overflow=\"visible\" xml:space=\"preserve\"><g>\t<path d=\"M75.6,102.5c2.5-2.1,7.3-3.7,10.3-5.4c18.6-11.2,34.4-34.5,37.4-56.1c1.9-14,0-21.6-12-29.5c-8.3-5.5-34-7.1-44.5-7  c-7.3,0.1-14.7,1.3-21.9,1.8C32.7,7.3,21.7,4,16,17.1C6,40.2,11.9,58,25.6,77.3C33.8,89,41.4,96.5,55.2,101  c1.6,0.5,7.7,1.4,8.1,2.6c-2.1,18.5,4.4,38.7-0.8,56.9c-0.4,1.4-1.2,4.7-2.5,5.1c-3.4,1-13.3-0.2-17.7,0.1  c-3.6,0.3-6.7,0.2-6.9,4.3c-0.2,4.3,1.7,6.7,5.9,7.3c8.3,1.1,25.6,0.5,34.5,0c6-0.3,17.7-1.4,23.3-3.1c5-1.5,4.2-8.7,0.3-9.9  c-4.3-1.3-12,0.5-16.5,0.8c-8.2,0.5-9.8,0.8-9.4-7.9c0.2-4.8,1.6-10.4,1.6-15.2c0-6.9-1.5-14.8-1.6-21.8c0-4.1,0.2-12.5,1.1-16.2  C74.8,103.2,74.9,103.1,75.6,102.5z M46.1,84.2c-6.2-5-21.6-25.8-23.6-33.3c-2.2-8.4-0.5-16.7,2.4-24.8c6-0.2,12,0,18,0  c18.1-0.1,37.2,1.1,55.4,0c4.6-0.3,9.5-1.5,14.1-2c0.7,0.2,0.7,0.7,0.8,1.3C120.8,57.4,74.5,107.6,46.1,84.2z\"><\/path><\/g><\/svg>\t\t\t<\/div>\n\t\t<\/div>\n\t\t\t\t\t\t<\/div>\n\t\t\t\t<div class=\"elementor-element elementor-element-bd9c1c8 elementor-widget elementor-widget-heading\" data-id=\"bd9c1c8\" data-element_type=\"widget\" data-widget_type=\"heading.default\">\n\t\t\t\t\t<h2 class=\"elementor-heading-title elementor-size-default\">We create memories with a touch of the Mediterranean<\/h2>\t\t\t\t<\/div>\n\t\t\t\t<div class=\"elementor-element elementor-element-213e520 elementor-widget elementor-widget-text-editor\" data-id=\"213e520\" data-element_type=\"widget\" data-widget_type=\"text-editor.default\">\n\t\t\t\t\t\t\t\t\t<p>For us, Zrzky is more than just a business \u2013 it is an experience. That is why we regularly organize private tastings that will transport you to the vineyards of Rioja, themed evenings, private and corporate events tailored to your needs \u2013 always with an emphasis on atmosphere and an authentic Mediterranean touch.<\/p>\t\t\t\t\t\t\t\t<\/div>\n\t\t\t\t\t<\/div>\n\t\t\t\t<\/div>\n\t\t<div class=\"elementor-element elementor-element-48d1ddd e-flex e-con-boxed e-con e-parent\" data-id=\"48d1ddd\" data-element_type=\"container\" data-settings=\"{&quot;background_background&quot;:&quot;classic&quot;,&quot;background_motion_fx_motion_fx_scrolling&quot;:&quot;yes&quot;,&quot;background_motion_fx_translateY_effect&quot;:&quot;yes&quot;,&quot;background_motion_fx_translateY_speed&quot;:{&quot;unit&quot;:&quot;px&quot;,&quot;size&quot;:4,&quot;sizes&quot;:[]},&quot;background_motion_fx_translateY_affectedRange&quot;:{&quot;unit&quot;:&quot;%&quot;,&quot;size&quot;:&quot;&quot;,&quot;sizes&quot;:{&quot;start&quot;:0,&quot;end&quot;:100}},&quot;background_motion_fx_devices&quot;:[&quot;desktop&quot;,&quot;tablet&quot;,&quot;mobile&quot;]}\">\n\t\t\t\t\t<div class=\"e-con-inner\">\n\t\t\t\t<div class=\"elementor-element elementor-element-774b7db elementor-widget elementor-widget-heading\" data-id=\"774b7db\" data-element_type=\"widget\" data-widget_type=\"heading.default\">\n\t\t\t\t\t<h2 class=\"elementor-heading-title elementor-size-default\">Like being on vacation. Every single evening.<\/h2>\t\t\t\t<\/div>\n\t\t\t\t<div class=\"elementor-element elementor-element-d5c4e68 elementor-widget elementor-widget-text-editor\" data-id=\"d5c4e68\" data-element_type=\"widget\" data-widget_type=\"text-editor.default\">\n\t\t\t\t\t\t\t\t\t<p>Our goal is to create a space where people meet, share joy, create memories, and discover the magic of Spanish\u00a0<i>dolce far niente.<\/i><\/p><p>We create every detail with love \u2013 so that you feel like you're on vacation with us!<\/p>\t\t\t\t\t\t\t\t<\/div>\n\t\t\t\t\t<\/div>\n\t\t\t\t<\/div>\n\t\t<div class=\"elementor-element elementor-element-6887a46 e-con-full e-flex e-con e-parent\" data-id=\"6887a46\" data-element_type=\"container\" data-settings=\"{&quot;background_background&quot;:&quot;classic&quot;}\">\n\t\t<div class=\"elementor-element elementor-element-9844a42 e-con-full e-flex e-con e-child\" data-id=\"9844a42\" data-element_type=\"container\" data-settings=\"{&quot;background_background&quot;:&quot;classic&quot;}\">\n\t\t\t\t<\/div>\n\t\t<div class=\"elementor-element elementor-element-ba884f9 e-con-full e-flex e-con e-child\" data-id=\"ba884f9\" data-element_type=\"container\" data-settings=\"{&quot;background_background&quot;:&quot;classic&quot;}\">\n\t\t\t\t<\/div>\n\t\t\t\t<\/div>\n\t\t<div class=\"elementor-element elementor-element-5b1352d e-con-full e-flex e-con e-parent\" data-id=\"5b1352d\" data-element_type=\"container\" data-settings=\"{&quot;background_background&quot;:&quot;classic&quot;}\">\n\t\t<div class=\"elementor-element elementor-element-0f5b942 e-con-full e-flex e-con e-child\" data-id=\"0f5b942\" data-element_type=\"container\" data-settings=\"{&quot;background_background&quot;:&quot;classic&quot;}\">\n\t\t\t\t<\/div>\n\t\t<div class=\"elementor-element elementor-element-961a8f8 e-con-full e-flex e-con e-child\" data-id=\"961a8f8\" data-element_type=\"container\" data-settings=\"{&quot;background_background&quot;:&quot;classic&quot;}\">\n\t\t\t\t<\/div>\n\t\t\t\t<\/div>\n\t\t<div class=\"elementor-element elementor-element-d408b1d e-flex e-con-boxed e-con e-parent\" data-id=\"d408b1d\" data-element_type=\"container\" data-settings=\"{&quot;background_background&quot;:&quot;classic&quot;}\">\n\t\t\t\t\t<div class=\"e-con-inner\">\n\t\t\t\t<div class=\"elementor-element elementor-element-08bd258 elementor-view-default elementor-widget elementor-widget-icon\" data-id=\"08bd258\" data-element_type=\"widget\" data-widget_type=\"icon.default\">\n\t\t\t\t\t\t\t<div class=\"elementor-icon-wrapper\">\n\t\t\t<div class=\"elementor-icon\">\n\t\t\t<svg xmlns=\"http:\/\/www.w3.org\/2000\/svg\" id=\"Layer_1\" viewbox=\"0 0 201.9 69.5\"><defs><style>      .st0 {        fill: #e73c26;      }    <\/style><\/defs><path class=\"st0\" d=\"M15.8,14.5c1.1-1,2.8-2.1,4.2-2.3,17.2-2.8,41.9,1.3,59.8,2,19.2.7,42.5-2.4,60.7,4.2,4.1,1.5,11.1,7.3,13.2,7.7,6.8,1.3,18.4-.5,26,0s12.2.6,13.7,3.3c2.7,4.9,2,11.5-1.8,15.6-8,8.7-29.2,5.2-40.6,7.3-8.1,1.5-15.2,7.6-23.3,8.7-15.5,2.1-37.3-1-53.9-1-18.1,0-41,1.6-58.8-2-4.8-1-7.4-5.1-8.3-9.7-2.1-10.7.7-26.2,9.1-33.9ZM96.3,52.1c8.6-.6,16.7,1.8,25.3.9,11.5-1.2,19.3-8.8,31.1-9.8,4.4-.4,18.4,1.1,20.9-2l3.5-8c-7.3.8-18.2,2.1-25.4.9s-7.7-5-11.3-6.7c-9.8-4.5-24.5-4.7-35.2-5.3,3.9,11.5-3,20.9-9,29.9ZM40.4,51.1c1.3-11.7,8.5-21.4,16-29.9-7.8-.2-29.5-3.4-35.3,1.1-3.3,2.5-5.1,17.2-4.4,21.2,2,9.8,16.1,7.4,23.7,7.7Z\"><\/path><\/svg>\t\t\t<\/div>\n\t\t<\/div>\n\t\t\t\t\t\t<\/div>\n\t\t\t\t<div class=\"elementor-element elementor-element-49d5ccd elementor-widget elementor-widget-text-editor\" data-id=\"49d5ccd\" data-element_type=\"widget\" data-widget_type=\"text-editor.default\">\n\t\t\t\t\t\t\t\t\t<p>So, will you join our community and our Spanish evenings?<\/p>\t\t\t\t\t\t\t\t<\/div>\n\t\t\t\t<div class=\"elementor-element elementor-element-17c83f5 elementor-widget elementor-widget-heading\" data-id=\"17c83f5\" data-element_type=\"widget\" data-widget_type=\"heading.default\">\n\t\t\t\t\t<h2 class=\"elementor-heading-title elementor-size-default\">\u00a1Nos vemos!<\/h2>\t\t\t\t<\/div>\n\t\t\t\t<div class=\"elementor-element elementor-element-68aa3bc elementor-align-center elementor-widget elementor-widget-button\" data-id=\"68aa3bc\" data-element_type=\"widget\" data-widget_type=\"button.default\">\n\t\t\t\t\t\t\t\t\t\t<a class=\"elementor-button elementor-button-link elementor-size-sm\" href=\"https:\/\/www.zrzky.sk\/en\/rezervacie\/\">\n\t\t\t\t\t\t<span class=\"elementor-button-content-wrapper\">\n\t\t\t\t\t\t\t\t\t<span class=\"elementor-button-text\">BOOK YOUR TABLE<\/span>\n\t\t\t\t\t<\/span>\n\t\t\t\t\t<\/a>\n\t\t\t\t\t\t\t\t<\/div>\n\t\t\t\t<div class=\"elementor-element elementor-element-4d0450e elementor-align-center elementor-widget elementor-widget-button\" data-id=\"4d0450e\" data-element_type=\"widget\" data-widget_type=\"button.default\">\n\t\t\t\t\t\t\t\t\t\t<a class=\"elementor-button elementor-button-link elementor-size-sm\" href=\"https:\/\/www.zrzky.sk\/en\/eventy\/\">\n\t\t\t\t\t\t<span class=\"elementor-button-content-wrapper\">\n\t\t\t\t\t\t\t\t\t<span class=\"elementor-button-text\">PLAN EVENT<\/span>\n\t\t\t\t\t<\/span>\n\t\t\t\t\t<\/a>\n\t\t\t\t\t\t\t\t<\/div>\n\t\t\t\t\t<\/div>\n\t\t\t\t<\/div>\n\t\t\t\t<\/div>","protected":false},"excerpt":{"rendered":"<p>Hola amigos, qu\u00e9 tal? Sme Klaudia a Izabela \u2013 dve sestry, dve zrzky, ktor\u00e9 si jedn\u00e9ho d\u0148a povedali: \u201ePo\u010fme prinies\u0165 k\u00fasok \u0160panielska do Bratislavy!\u201c V na\u0161ich srdciach je hlboko zakorenen\u00e1 l\u00e1ska k \u0160panielsku a kvalitn\u00fdm v\u00ednam. Milujeme \u0160panielsko pre jeho uvo\u013enen\u00fd \u017eivotn\u00fd \u0161t\u00fdl, pre umenie u\u017e\u00edva\u0165 si pr\u00edtomn\u00fd okamih, v\u00e1\u0161e\u0148 pre jedlo, v\u00edno a priate\u013estv\u00e1. [&hellip;]<\/p>","protected":false},"author":1,"featured_media":0,"parent":0,"menu_order":0,"comment_status":"closed","ping_status":"closed","template":"elementor_header_footer","meta":{"footnotes":""},"class_list":["post-24","page","type-page","status-publish","hentry"],"yoast_head":"<!-- This site is optimized with the Yoast SEO plugin v26.3 - https:\/\/yoast.com\/wordpress\/plugins\/seo\/ -->\n<title>Kto sme - Zrzky Wine &amp; Tapas<\/title>\n<meta name=\"description\" content=\"Zrzky Wine &amp; Tapas \u2013 vin\u00e1re\u0148 v srdci Bratislavy. \u0160panielske v\u00edna, tapas a \u017eiv\u00e1 hudba v autentickej atmosf\u00e9re, ktor\u00fa si zamilujete.\" \/>\n<meta name=\"robots\" content=\"index, follow, max-snippet:-1, max-image-preview:large, max-video-preview:-1\" \/>\n<link rel=\"canonical\" href=\"https:\/\/www.zrzky.sk\/en\/about\/\" \/>\n<meta property=\"og:locale\" content=\"en_GB\" \/>\n<meta property=\"og:type\" content=\"article\" \/>\n<meta property=\"og:title\" content=\"Kto sme - Zrzky Wine &amp; Tapas\" \/>\n<meta property=\"og:description\" content=\"Zrzky Wine &amp; Tapas \u2013 vin\u00e1re\u0148 v srdci Bratislavy. \u0160panielske v\u00edna, tapas a \u017eiv\u00e1 hudba v autentickej atmosf\u00e9re, ktor\u00fa si zamilujete.\" \/>\n<meta property=\"og:url\" content=\"https:\/\/www.zrzky.sk\/en\/about\/\" \/>\n<meta property=\"og:site_name\" content=\"Zrzky Wine &amp; Tapas\" \/>\n<meta property=\"article:publisher\" content=\"https:\/\/www.facebook.com\/zrzky.bratislava\/?locale=sk_SK\" \/>\n<meta property=\"article:modified_time\" content=\"2025-08-17T19:05:08+00:00\" \/>\n<meta property=\"og:image\" content=\"https:\/\/www.zrzky.sk\/wp-content\/uploads\/2025\/08\/ilustracia01-scaled.png\" \/>\n\t<meta property=\"og:image:width\" content=\"2560\" \/>\n\t<meta property=\"og:image:height\" content=\"1371\" \/>\n\t<meta property=\"og:image:type\" content=\"image\/png\" \/>\n<meta name=\"twitter:card\" content=\"summary_large_image\" \/>\n<meta name=\"twitter:label1\" content=\"Estimated reading time\" \/>\n\t<meta name=\"twitter:data1\" content=\"2 minutes\" \/>\n<script type=\"application\/ld+json\" class=\"yoast-schema-graph\">{\"@context\":\"https:\/\/schema.org\",\"@graph\":[{\"@type\":\"WebPage\",\"@id\":\"https:\/\/www.zrzky.sk\/about\",\"url\":\"https:\/\/www.zrzky.sk\/about\",\"name\":\"Kto sme - Zrzky Wine &amp; Tapas\",\"isPartOf\":{\"@id\":\"https:\/\/www.zrzky.sk\/#website\"},\"primaryImageOfPage\":{\"@id\":\"https:\/\/www.zrzky.sk\/about#primaryimage\"},\"image\":{\"@id\":\"https:\/\/www.zrzky.sk\/about#primaryimage\"},\"thumbnailUrl\":\"https:\/\/www.zrzky.sk\/wp-content\/uploads\/2025\/08\/ilustracia01-1024x549.png\",\"datePublished\":\"2025-08-11T09:37:48+00:00\",\"dateModified\":\"2025-08-17T19:05:08+00:00\",\"description\":\"Zrzky Wine & Tapas \u2013 vin\u00e1re\u0148 v srdci Bratislavy. \u0160panielske v\u00edna, tapas a \u017eiv\u00e1 hudba v autentickej atmosf\u00e9re, ktor\u00fa si zamilujete.\",\"breadcrumb\":{\"@id\":\"https:\/\/www.zrzky.sk\/about#breadcrumb\"},\"inLanguage\":\"en-GB\",\"potentialAction\":[{\"@type\":\"ReadAction\",\"target\":[\"https:\/\/www.zrzky.sk\/about\"]}]},{\"@type\":\"ImageObject\",\"inLanguage\":\"en-GB\",\"@id\":\"https:\/\/www.zrzky.sk\/about#primaryimage\",\"url\":\"https:\/\/www.zrzky.sk\/wp-content\/uploads\/2025\/08\/ilustracia01-1024x549.png\",\"contentUrl\":\"https:\/\/www.zrzky.sk\/wp-content\/uploads\/2025\/08\/ilustracia01-1024x549.png\"},{\"@type\":\"BreadcrumbList\",\"@id\":\"https:\/\/www.zrzky.sk\/about#breadcrumb\",\"itemListElement\":[{\"@type\":\"ListItem\",\"position\":1,\"name\":\"Domovsk\u00e1 str\u00e1nka\",\"item\":\"https:\/\/www.zrzky.sk\/\"},{\"@type\":\"ListItem\",\"position\":2,\"name\":\"Kto sme\"}]},{\"@type\":\"WebSite\",\"@id\":\"https:\/\/www.zrzky.sk\/#website\",\"url\":\"https:\/\/www.zrzky.sk\/\",\"name\":\"Zrzky Wine & Tapas\",\"description\":\"\",\"publisher\":{\"@id\":\"https:\/\/www.zrzky.sk\/#organization\"},\"potentialAction\":[{\"@type\":\"SearchAction\",\"target\":{\"@type\":\"EntryPoint\",\"urlTemplate\":\"https:\/\/www.zrzky.sk\/?s={search_term_string}\"},\"query-input\":{\"@type\":\"PropertyValueSpecification\",\"valueRequired\":true,\"valueName\":\"search_term_string\"}}],\"inLanguage\":\"en-GB\"},{\"@type\":\"Organization\",\"@id\":\"https:\/\/www.zrzky.sk\/#organization\",\"name\":\"Zrzky Wine & Tapas\",\"url\":\"https:\/\/www.zrzky.sk\/\",\"logo\":{\"@type\":\"ImageObject\",\"inLanguage\":\"en-GB\",\"@id\":\"https:\/\/www.zrzky.sk\/#\/schema\/logo\/image\/\",\"url\":\"https:\/\/www.zrzky.sk\/wp-content\/uploads\/2025\/08\/logo_kruh2.png\",\"contentUrl\":\"https:\/\/www.zrzky.sk\/wp-content\/uploads\/2025\/08\/logo_kruh2.png\",\"width\":996,\"height\":610,\"caption\":\"Zrzky Wine & Tapas\"},\"image\":{\"@id\":\"https:\/\/www.zrzky.sk\/#\/schema\/logo\/image\/\"},\"sameAs\":[\"https:\/\/www.facebook.com\/zrzky.bratislava\/?locale=sk_SK\",\"https:\/\/www.instagram.com\/zrzky.bratislava\/\"]}]}<\/script>\n<!-- \/ Yoast SEO plugin. -->","yoast_head_json":{"title":"Kto sme - Zrzky Wine &amp; Tapas","description":"Zrzky Wine & Tapas \u2013 vin\u00e1re\u0148 v srdci Bratislavy. \u0160panielske v\u00edna, tapas a \u017eiv\u00e1 hudba v autentickej atmosf\u00e9re, ktor\u00fa si zamilujete.","robots":{"index":"index","follow":"follow","max-snippet":"max-snippet:-1","max-image-preview":"max-image-preview:large","max-video-preview":"max-video-preview:-1"},"canonical":"https:\/\/www.zrzky.sk\/en\/about\/","og_locale":"en_GB","og_type":"article","og_title":"Kto sme - Zrzky Wine &amp; Tapas","og_description":"Zrzky Wine & Tapas \u2013 vin\u00e1re\u0148 v srdci Bratislavy. \u0160panielske v\u00edna, tapas a \u017eiv\u00e1 hudba v autentickej atmosf\u00e9re, ktor\u00fa si zamilujete.","og_url":"https:\/\/www.zrzky.sk\/en\/about\/","og_site_name":"Zrzky Wine &amp; Tapas","article_publisher":"https:\/\/www.facebook.com\/zrzky.bratislava\/?locale=sk_SK","article_modified_time":"2025-08-17T19:05:08+00:00","og_image":[{"width":2560,"height":1371,"url":"https:\/\/www.zrzky.sk\/wp-content\/uploads\/2025\/08\/ilustracia01-scaled.png","type":"image\/png"}],"twitter_card":"summary_large_image","twitter_misc":{"Estimated reading time":"2 minutes"},"schema":{"@context":"https:\/\/schema.org","@graph":[{"@type":"WebPage","@id":"https:\/\/www.zrzky.sk\/about","url":"https:\/\/www.zrzky.sk\/about","name":"Kto sme - Zrzky Wine &amp; Tapas","isPartOf":{"@id":"https:\/\/www.zrzky.sk\/#website"},"primaryImageOfPage":{"@id":"https:\/\/www.zrzky.sk\/about#primaryimage"},"image":{"@id":"https:\/\/www.zrzky.sk\/about#primaryimage"},"thumbnailUrl":"https:\/\/www.zrzky.sk\/wp-content\/uploads\/2025\/08\/ilustracia01-1024x549.png","datePublished":"2025-08-11T09:37:48+00:00","dateModified":"2025-08-17T19:05:08+00:00","description":"Zrzky Wine & Tapas \u2013 vin\u00e1re\u0148 v srdci Bratislavy. \u0160panielske v\u00edna, tapas a \u017eiv\u00e1 hudba v autentickej atmosf\u00e9re, ktor\u00fa si zamilujete.","breadcrumb":{"@id":"https:\/\/www.zrzky.sk\/about#breadcrumb"},"inLanguage":"en-GB","potentialAction":[{"@type":"ReadAction","target":["https:\/\/www.zrzky.sk\/about"]}]},{"@type":"ImageObject","inLanguage":"en-GB","@id":"https:\/\/www.zrzky.sk\/about#primaryimage","url":"https:\/\/www.zrzky.sk\/wp-content\/uploads\/2025\/08\/ilustracia01-1024x549.png","contentUrl":"https:\/\/www.zrzky.sk\/wp-content\/uploads\/2025\/08\/ilustracia01-1024x549.png"},{"@type":"BreadcrumbList","@id":"https:\/\/www.zrzky.sk\/about#breadcrumb","itemListElement":[{"@type":"ListItem","position":1,"name":"Domovsk\u00e1 str\u00e1nka","item":"https:\/\/www.zrzky.sk\/"},{"@type":"ListItem","position":2,"name":"Kto sme"}]},{"@type":"WebSite","@id":"https:\/\/www.zrzky.sk\/#website","url":"https:\/\/www.zrzky.sk\/","name":"Zrzky Wine & Tapas","description":"","publisher":{"@id":"https:\/\/www.zrzky.sk\/#organization"},"potentialAction":[{"@type":"SearchAction","target":{"@type":"EntryPoint","urlTemplate":"https:\/\/www.zrzky.sk\/?s={search_term_string}"},"query-input":{"@type":"PropertyValueSpecification","valueRequired":true,"valueName":"search_term_string"}}],"inLanguage":"en-GB"},{"@type":"Organization","@id":"https:\/\/www.zrzky.sk\/#organization","name":"Zrzky Wine & Tapas","url":"https:\/\/www.zrzky.sk\/","logo":{"@type":"ImageObject","inLanguage":"en-GB","@id":"https:\/\/www.zrzky.sk\/#\/schema\/logo\/image\/","url":"https:\/\/www.zrzky.sk\/wp-content\/uploads\/2025\/08\/logo_kruh2.png","contentUrl":"https:\/\/www.zrzky.sk\/wp-content\/uploads\/2025\/08\/logo_kruh2.png","width":996,"height":610,"caption":"Zrzky Wine & Tapas"},"image":{"@id":"https:\/\/www.zrzky.sk\/#\/schema\/logo\/image\/"},"sameAs":["https:\/\/www.facebook.com\/zrzky.bratislava\/?locale=sk_SK","https:\/\/www.instagram.com\/zrzky.bratislava\/"]}]}},"_links":{"self":[{"href":"https:\/\/www.zrzky.sk\/en\/wp-json\/wp\/v2\/pages\/24","targetHints":{"allow":["GET"]}}],"collection":[{"href":"https:\/\/www.zrzky.sk\/en\/wp-json\/wp\/v2\/pages"}],"about":[{"href":"https:\/\/www.zrzky.sk\/en\/wp-json\/wp\/v2\/types\/page"}],"author":[{"embeddable":true,"href":"https:\/\/www.zrzky.sk\/en\/wp-json\/wp\/v2\/users\/1"}],"replies":[{"embeddable":true,"href":"https:\/\/www.zrzky.sk\/en\/wp-json\/wp\/v2\/comments?post=24"}],"version-history":[{"count":83,"href":"https:\/\/www.zrzky.sk\/en\/wp-json\/wp\/v2\/pages\/24\/revisions"}],"predecessor-version":[{"id":1029,"href":"https:\/\/www.zrzky.sk\/en\/wp-json\/wp\/v2\/pages\/24\/revisions\/1029"}],"wp:attachment":[{"href":"https:\/\/www.zrzky.sk\/en\/wp-json\/wp\/v2\/media?parent=24"}],"curies":[{"name":"wp","href":"https:\/\/api.w.org\/{rel}","templated":true}]}}