{"id":225,"date":"2025-08-12T13:08:53","date_gmt":"2025-08-12T13:08:53","guid":{"rendered":"https:\/\/www.zrzky.sk\/?page_id=225"},"modified":"2025-12-01T11:15:20","modified_gmt":"2025-12-01T11:15:20","slug":"rezervacie","status":"publish","type":"page","link":"https:\/\/www.zrzky.sk\/en\/rezervacie","title":{"rendered":"Reservations"},"content":{"rendered":"<div data-elementor-type=\"wp-page\" data-elementor-id=\"225\" class=\"elementor elementor-225\" data-elementor-post-type=\"page\">\n\t\t\t\t<div class=\"elementor-element elementor-element-e52473b e-flex e-con-boxed e-con e-parent\" data-id=\"e52473b\" data-element_type=\"container\" data-settings=\"{&quot;background_background&quot;:&quot;classic&quot;}\">\n\t\t\t\t\t<div class=\"e-con-inner\">\n\t\t<div class=\"elementor-element elementor-element-4948ece8 e-con-full e-flex e-con e-child\" data-id=\"4948ece8\" data-element_type=\"container\">\n\t\t\t\t<div class=\"elementor-element elementor-element-265583e elementor-widget elementor-widget-heading\" data-id=\"265583e\" data-element_type=\"widget\" data-widget_type=\"heading.default\">\n\t\t\t\t\t<h2 class=\"elementor-heading-title elementor-size-default\">Reservations<\/h2>\t\t\t\t<\/div>\n\t\t\t\t<div class=\"elementor-element elementor-element-dd04c23 elementor-widget elementor-widget-image\" data-id=\"dd04c23\" data-element_type=\"widget\" data-widget_type=\"image.default\">\n\t\t\t\t\t\t\t\t\t\t\t\t\t\t\t<img fetchpriority=\"high\" decoding=\"async\" width=\"800\" height=\"63\" src=\"https:\/\/www.zrzky.sk\/wp-content\/uploads\/2025\/08\/underline-1024x81.png\" class=\"attachment-large size-large wp-image-128\" alt=\"\" srcset=\"https:\/\/www.zrzky.sk\/wp-content\/uploads\/2025\/08\/underline-1024x81.png 1024w, https:\/\/www.zrzky.sk\/wp-content\/uploads\/2025\/08\/underline-600x47.png 600w, https:\/\/www.zrzky.sk\/wp-content\/uploads\/2025\/08\/underline-300x24.png 300w, https:\/\/www.zrzky.sk\/wp-content\/uploads\/2025\/08\/underline-768x60.png 768w, https:\/\/www.zrzky.sk\/wp-content\/uploads\/2025\/08\/underline-1536x121.png 1536w, https:\/\/www.zrzky.sk\/wp-content\/uploads\/2025\/08\/underline-2048x161.png 2048w\" sizes=\"(max-width: 800px) 100vw, 800px\" \/>\t\t\t\t\t\t\t\t\t\t\t\t\t\t\t<\/div>\n\t\t\t\t<\/div>\n\t\t<div class=\"elementor-element elementor-element-46ef2dc e-con-full e-flex e-con e-child\" data-id=\"46ef2dc\" data-element_type=\"container\">\n\t\t\t\t<div class=\"elementor-element elementor-element-e91ec80 elementor-widget elementor-widget-text-editor\" data-id=\"e91ec80\" data-element_type=\"widget\" data-widget_type=\"text-editor.default\">\n\t\t\t\t\t\t\t\t\t<p>In case of delay, please inform us, as we cannot hold your reservation for longer than 15 minutes.<\/p><p>Pokia\u013e rezerva\u010dn\u00fd formul\u00e1r nezobrazuje Vami po\u017eadovan\u00fd d\u00e1tum a \u010das, je vin\u00e1re\u0148 u\u017e plne obsaden\u00e1.<\/p>\t\t\t\t\t\t\t\t<\/div>\n\t\t\t\t<\/div>\n\t\t\t\t\t<\/div>\n\t\t\t\t<\/div>\n\t\t<div class=\"elementor-element elementor-element-5b27f76 e-flex e-con-boxed e-con e-parent\" data-id=\"5b27f76\" data-element_type=\"container\">\n\t\t\t\t\t<div class=\"e-con-inner\">\n\t\t\t\t<div class=\"elementor-element elementor-element-d87818b elementor-widget elementor-widget-html\" data-id=\"d87818b\" data-element_type=\"widget\" data-widget_type=\"html.default\">\n\t\t\t\t\t<div style=\"position:relative; width:100%; min-height:600px;\">\r\n    <iframe \r\n        src=\"https:\/\/www.bookiopro.com\/zrzky-wine-tapas\/rs-widget?lang=sk&c1=79d9c3&c2=fbf5f0&c3=453a3a\" \r\n        style=\"border:0; width:100%; height:100%; position:absolute; top:0; left:0;\" \r\n        loading=\"lazy\">\r\n    <\/iframe>\r\n<\/div>\r\n\r\n\t\t\t\t<\/div>\n\t\t\t\t\t<\/div>\n\t\t\t\t<\/div>\n\t\t<div class=\"elementor-element elementor-element-06d3fc7 e-flex e-con-boxed e-con e-parent\" data-id=\"06d3fc7\" data-element_type=\"container\">\n\t\t\t\t\t<div class=\"e-con-inner\">\n\t\t\t\t<div class=\"elementor-element elementor-element-42f8571 elementor-widget elementor-widget-n-accordion\" data-id=\"42f8571\" data-element_type=\"widget\" data-settings=\"{&quot;default_state&quot;:&quot;all_collapsed&quot;,&quot;max_items_expended&quot;:&quot;one&quot;,&quot;n_accordion_animation_duration&quot;:{&quot;unit&quot;:&quot;ms&quot;,&quot;size&quot;:400,&quot;sizes&quot;:[]}}\" data-widget_type=\"nested-accordion.default\">\n\t\t\t\t\t\t\t<div class=\"e-n-accordion\" aria-label=\"Accordion. Open links with Enter or Space, close with Escape, and navigate with Arrow Keys\">\n\t\t\t\t\t\t<details id=\"e-n-accordion-item-7020\" class=\"e-n-accordion-item\" >\n\t\t\t\t<summary class=\"e-n-accordion-item-title\" data-accordion-index=\"1\" tabindex=\"0\" aria-expanded=\"false\" aria-controls=\"e-n-accordion-item-7020\" >\n\t\t\t\t\t<span class='e-n-accordion-item-title-header'><div class=\"e-n-accordion-item-title-text\"> ENGLISH VERSION <\/div><\/span>\n\t\t\t\t\t\t\t<span class='e-n-accordion-item-title-icon'>\n\t\t\t<span class='e-opened' ><svg aria-hidden=\"true\" class=\"e-font-icon-svg e-fas-minus\" viewbox=\"0 0 448 512\" xmlns=\"http:\/\/www.w3.org\/2000\/svg\"><path d=\"M416 208H32c-17.67 0-32 14.33-32 32v32c0 17.67 14.33 32 32 32h384c17.67 0 32-14.33 32-32v-32c0-17.67-14.33-32-32-32z\"><\/path><\/svg><\/span>\n\t\t\t<span class='e-closed'><svg aria-hidden=\"true\" class=\"e-font-icon-svg e-fas-arrow-down\" viewbox=\"0 0 448 512\" xmlns=\"http:\/\/www.w3.org\/2000\/svg\"><path d=\"M413.1 222.5l22.2 22.2c9.4 9.4 9.4 24.6 0 33.9L241 473c-9.4 9.4-24.6 9.4-33.9 0L12.7 278.6c-9.4-9.4-9.4-24.6 0-33.9l22.2-22.2c9.5-9.5 25-9.3 34.3.4L184 343.4V56c0-13.3 10.7-24 24-24h32c13.3 0 24 10.7 24 24v287.4l114.8-120.5c9.3-9.8 24.8-10 34.3-.4z\"><\/path><\/svg><\/span>\n\t\t<\/span>\n\n\t\t\t\t\t\t<\/summary>\n\t\t\t\t<div role=\"region\" aria-labelledby=\"e-n-accordion-item-7020\" class=\"elementor-element elementor-element-a0afc89 e-con-full e-flex e-con e-child\" data-id=\"a0afc89\" data-element_type=\"container\">\n\t\t\t\t<div class=\"elementor-element elementor-element-4745ef0 elementor-widget elementor-widget-html\" data-id=\"4745ef0\" data-element_type=\"widget\" data-widget_type=\"html.default\">\n\t\t\t\t\t<iframe\r\n  src=\"https:\/\/www.bookiopro.com\/zrzky-wine-tapas\/rs-widget?c1=E8270C&c2=fffdfa&c3=000000\"\r\n  style=\"width:100%; height:600px; border:none;\"\r\n  loading=\"lazy\"\r\n  title=\"Rezerv\u00e1cia Zrzky Wine & Tapas\"\r\n><\/iframe>\r\n\t\t\t\t<\/div>\n\t\t\t\t<\/div>\n\t\t\t\t\t<\/details>\n\t\t\t\t\t<\/div>\n\t\t\t\t\t\t<\/div>\n\t\t\t\t\t<\/div>\n\t\t\t\t<\/div>\n\t\t\t\t<\/div>","protected":false},"excerpt":{"rendered":"<p>Rezerv\u00e1cie V pr\u00edpade zdr\u017eania n\u00e1s pros\u00edm informujte, Va\u0161u rezerv\u00e1ciu nem\u00f4\u017eeme dr\u017ea\u0165 dlh\u0161ie ako 15 min\u00fat. Pokia\u013e rezerva\u010dn\u00fd formul\u00e1r nezobrazuje Vami po\u017eadovan\u00fd d\u00e1tum a \u010das, je vin\u00e1re\u0148 u\u017e plne obsaden\u00e1. ENGLISH VERSION<\/p>","protected":false},"author":1,"featured_media":0,"parent":0,"menu_order":0,"comment_status":"closed","ping_status":"closed","template":"elementor_header_footer","meta":{"footnotes":""},"class_list":["post-225","page","type-page","status-publish","hentry"],"yoast_head":"<!-- This site is optimized with the Yoast SEO plugin v26.3 - https:\/\/yoast.com\/wordpress\/plugins\/seo\/ -->\n<title>Rezerv\u00e1cie - Zrzky Wine &amp; Tapas<\/title>\n<meta name=\"description\" content=\"Rezervujte si svoj st\u00f4l v Zrzk\u00e1ch \u2013 v\u00edno, tapas a \u017eiv\u00e1 hudba v centre Bratislavy. Ide\u00e1lne na ve\u010der s priate\u013emi alebo oslavu.\" \/>\n<meta name=\"robots\" content=\"index, follow, max-snippet:-1, max-image-preview:large, max-video-preview:-1\" \/>\n<link rel=\"canonical\" href=\"https:\/\/www.zrzky.sk\/en\/rezervacie\/\" \/>\n<meta property=\"og:locale\" content=\"en_GB\" \/>\n<meta property=\"og:type\" content=\"article\" \/>\n<meta property=\"og:title\" content=\"Rezerv\u00e1cie - Zrzky Wine &amp; Tapas\" \/>\n<meta property=\"og:description\" content=\"Rezervujte si svoj st\u00f4l v Zrzk\u00e1ch \u2013 v\u00edno, tapas a \u017eiv\u00e1 hudba v centre Bratislavy. Ide\u00e1lne na ve\u010der s priate\u013emi alebo oslavu.\" \/>\n<meta property=\"og:url\" content=\"https:\/\/www.zrzky.sk\/en\/rezervacie\/\" \/>\n<meta property=\"og:site_name\" content=\"Zrzky Wine &amp; Tapas\" \/>\n<meta property=\"article:publisher\" content=\"https:\/\/www.facebook.com\/zrzky.bratislava\/?locale=sk_SK\" \/>\n<meta property=\"article:modified_time\" content=\"2025-12-01T11:15:20+00:00\" \/>\n<meta property=\"og:image\" content=\"https:\/\/www.zrzky.sk\/wp-content\/uploads\/2025\/08\/underline.png\" \/>\n\t<meta property=\"og:image:width\" content=\"2401\" \/>\n\t<meta property=\"og:image:height\" content=\"189\" \/>\n\t<meta property=\"og:image:type\" content=\"image\/png\" \/>\n<meta name=\"twitter:card\" content=\"summary_large_image\" \/>\n<meta name=\"twitter:label1\" content=\"Estimated reading time\" \/>\n\t<meta name=\"twitter:data1\" content=\"1 minute\" \/>\n<script type=\"application\/ld+json\" class=\"yoast-schema-graph\">{\"@context\":\"https:\/\/schema.org\",\"@graph\":[{\"@type\":\"WebPage\",\"@id\":\"https:\/\/www.zrzky.sk\/rezervacie\",\"url\":\"https:\/\/www.zrzky.sk\/rezervacie\",\"name\":\"Rezerv\u00e1cie - Zrzky Wine &amp; Tapas\",\"isPartOf\":{\"@id\":\"https:\/\/www.zrzky.sk\/#website\"},\"primaryImageOfPage\":{\"@id\":\"https:\/\/www.zrzky.sk\/rezervacie#primaryimage\"},\"image\":{\"@id\":\"https:\/\/www.zrzky.sk\/rezervacie#primaryimage\"},\"thumbnailUrl\":\"https:\/\/www.zrzky.sk\/wp-content\/uploads\/2025\/08\/underline-1024x81.png\",\"datePublished\":\"2025-08-12T13:08:53+00:00\",\"dateModified\":\"2025-12-01T11:15:20+00:00\",\"description\":\"Rezervujte si svoj st\u00f4l v Zrzk\u00e1ch \u2013 v\u00edno, tapas a \u017eiv\u00e1 hudba v centre Bratislavy. Ide\u00e1lne na ve\u010der s priate\u013emi alebo oslavu.\",\"breadcrumb\":{\"@id\":\"https:\/\/www.zrzky.sk\/rezervacie#breadcrumb\"},\"inLanguage\":\"en-GB\",\"potentialAction\":[{\"@type\":\"ReadAction\",\"target\":[\"https:\/\/www.zrzky.sk\/rezervacie\"]}]},{\"@type\":\"ImageObject\",\"inLanguage\":\"en-GB\",\"@id\":\"https:\/\/www.zrzky.sk\/rezervacie#primaryimage\",\"url\":\"https:\/\/www.zrzky.sk\/wp-content\/uploads\/2025\/08\/underline-1024x81.png\",\"contentUrl\":\"https:\/\/www.zrzky.sk\/wp-content\/uploads\/2025\/08\/underline-1024x81.png\"},{\"@type\":\"BreadcrumbList\",\"@id\":\"https:\/\/www.zrzky.sk\/rezervacie#breadcrumb\",\"itemListElement\":[{\"@type\":\"ListItem\",\"position\":1,\"name\":\"Domovsk\u00e1 str\u00e1nka\",\"item\":\"https:\/\/www.zrzky.sk\/\"},{\"@type\":\"ListItem\",\"position\":2,\"name\":\"Rezerv\u00e1cie\"}]},{\"@type\":\"WebSite\",\"@id\":\"https:\/\/www.zrzky.sk\/#website\",\"url\":\"https:\/\/www.zrzky.sk\/\",\"name\":\"Zrzky Wine & Tapas\",\"description\":\"\",\"publisher\":{\"@id\":\"https:\/\/www.zrzky.sk\/#organization\"},\"potentialAction\":[{\"@type\":\"SearchAction\",\"target\":{\"@type\":\"EntryPoint\",\"urlTemplate\":\"https:\/\/www.zrzky.sk\/?s={search_term_string}\"},\"query-input\":{\"@type\":\"PropertyValueSpecification\",\"valueRequired\":true,\"valueName\":\"search_term_string\"}}],\"inLanguage\":\"en-GB\"},{\"@type\":\"Organization\",\"@id\":\"https:\/\/www.zrzky.sk\/#organization\",\"name\":\"Zrzky Wine & Tapas\",\"url\":\"https:\/\/www.zrzky.sk\/\",\"logo\":{\"@type\":\"ImageObject\",\"inLanguage\":\"en-GB\",\"@id\":\"https:\/\/www.zrzky.sk\/#\/schema\/logo\/image\/\",\"url\":\"https:\/\/www.zrzky.sk\/wp-content\/uploads\/2025\/08\/logo_kruh2.png\",\"contentUrl\":\"https:\/\/www.zrzky.sk\/wp-content\/uploads\/2025\/08\/logo_kruh2.png\",\"width\":996,\"height\":610,\"caption\":\"Zrzky Wine & Tapas\"},\"image\":{\"@id\":\"https:\/\/www.zrzky.sk\/#\/schema\/logo\/image\/\"},\"sameAs\":[\"https:\/\/www.facebook.com\/zrzky.bratislava\/?locale=sk_SK\",\"https:\/\/www.instagram.com\/zrzky.bratislava\/\"]}]}<\/script>\n<!-- \/ Yoast SEO plugin. -->","yoast_head_json":{"title":"Rezerv\u00e1cie - Zrzky Wine &amp; Tapas","description":"Rezervujte si svoj st\u00f4l v Zrzk\u00e1ch \u2013 v\u00edno, tapas a \u017eiv\u00e1 hudba v centre Bratislavy. Ide\u00e1lne na ve\u010der s priate\u013emi alebo oslavu.","robots":{"index":"index","follow":"follow","max-snippet":"max-snippet:-1","max-image-preview":"max-image-preview:large","max-video-preview":"max-video-preview:-1"},"canonical":"https:\/\/www.zrzky.sk\/en\/rezervacie\/","og_locale":"en_GB","og_type":"article","og_title":"Rezerv\u00e1cie - Zrzky Wine &amp; Tapas","og_description":"Rezervujte si svoj st\u00f4l v Zrzk\u00e1ch \u2013 v\u00edno, tapas a \u017eiv\u00e1 hudba v centre Bratislavy. Ide\u00e1lne na ve\u010der s priate\u013emi alebo oslavu.","og_url":"https:\/\/www.zrzky.sk\/en\/rezervacie\/","og_site_name":"Zrzky Wine &amp; Tapas","article_publisher":"https:\/\/www.facebook.com\/zrzky.bratislava\/?locale=sk_SK","article_modified_time":"2025-12-01T11:15:20+00:00","og_image":[{"width":2401,"height":189,"url":"https:\/\/www.zrzky.sk\/wp-content\/uploads\/2025\/08\/underline.png","type":"image\/png"}],"twitter_card":"summary_large_image","twitter_misc":{"Estimated reading time":"1 minute"},"schema":{"@context":"https:\/\/schema.org","@graph":[{"@type":"WebPage","@id":"https:\/\/www.zrzky.sk\/rezervacie","url":"https:\/\/www.zrzky.sk\/rezervacie","name":"Rezerv\u00e1cie - Zrzky Wine &amp; Tapas","isPartOf":{"@id":"https:\/\/www.zrzky.sk\/#website"},"primaryImageOfPage":{"@id":"https:\/\/www.zrzky.sk\/rezervacie#primaryimage"},"image":{"@id":"https:\/\/www.zrzky.sk\/rezervacie#primaryimage"},"thumbnailUrl":"https:\/\/www.zrzky.sk\/wp-content\/uploads\/2025\/08\/underline-1024x81.png","datePublished":"2025-08-12T13:08:53+00:00","dateModified":"2025-12-01T11:15:20+00:00","description":"Rezervujte si svoj st\u00f4l v Zrzk\u00e1ch \u2013 v\u00edno, tapas a \u017eiv\u00e1 hudba v centre Bratislavy. Ide\u00e1lne na ve\u010der s priate\u013emi alebo oslavu.","breadcrumb":{"@id":"https:\/\/www.zrzky.sk\/rezervacie#breadcrumb"},"inLanguage":"en-GB","potentialAction":[{"@type":"ReadAction","target":["https:\/\/www.zrzky.sk\/rezervacie"]}]},{"@type":"ImageObject","inLanguage":"en-GB","@id":"https:\/\/www.zrzky.sk\/rezervacie#primaryimage","url":"https:\/\/www.zrzky.sk\/wp-content\/uploads\/2025\/08\/underline-1024x81.png","contentUrl":"https:\/\/www.zrzky.sk\/wp-content\/uploads\/2025\/08\/underline-1024x81.png"},{"@type":"BreadcrumbList","@id":"https:\/\/www.zrzky.sk\/rezervacie#breadcrumb","itemListElement":[{"@type":"ListItem","position":1,"name":"Domovsk\u00e1 str\u00e1nka","item":"https:\/\/www.zrzky.sk\/"},{"@type":"ListItem","position":2,"name":"Rezerv\u00e1cie"}]},{"@type":"WebSite","@id":"https:\/\/www.zrzky.sk\/#website","url":"https:\/\/www.zrzky.sk\/","name":"Zrzky Wine & Tapas","description":"","publisher":{"@id":"https:\/\/www.zrzky.sk\/#organization"},"potentialAction":[{"@type":"SearchAction","target":{"@type":"EntryPoint","urlTemplate":"https:\/\/www.zrzky.sk\/?s={search_term_string}"},"query-input":{"@type":"PropertyValueSpecification","valueRequired":true,"valueName":"search_term_string"}}],"inLanguage":"en-GB"},{"@type":"Organization","@id":"https:\/\/www.zrzky.sk\/#organization","name":"Zrzky Wine & Tapas","url":"https:\/\/www.zrzky.sk\/","logo":{"@type":"ImageObject","inLanguage":"en-GB","@id":"https:\/\/www.zrzky.sk\/#\/schema\/logo\/image\/","url":"https:\/\/www.zrzky.sk\/wp-content\/uploads\/2025\/08\/logo_kruh2.png","contentUrl":"https:\/\/www.zrzky.sk\/wp-content\/uploads\/2025\/08\/logo_kruh2.png","width":996,"height":610,"caption":"Zrzky Wine & Tapas"},"image":{"@id":"https:\/\/www.zrzky.sk\/#\/schema\/logo\/image\/"},"sameAs":["https:\/\/www.facebook.com\/zrzky.bratislava\/?locale=sk_SK","https:\/\/www.instagram.com\/zrzky.bratislava\/"]}]}},"_links":{"self":[{"href":"https:\/\/www.zrzky.sk\/en\/wp-json\/wp\/v2\/pages\/225","targetHints":{"allow":["GET"]}}],"collection":[{"href":"https:\/\/www.zrzky.sk\/en\/wp-json\/wp\/v2\/pages"}],"about":[{"href":"https:\/\/www.zrzky.sk\/en\/wp-json\/wp\/v2\/types\/page"}],"author":[{"embeddable":true,"href":"https:\/\/www.zrzky.sk\/en\/wp-json\/wp\/v2\/users\/1"}],"replies":[{"embeddable":true,"href":"https:\/\/www.zrzky.sk\/en\/wp-json\/wp\/v2\/comments?post=225"}],"version-history":[{"count":40,"href":"https:\/\/www.zrzky.sk\/en\/wp-json\/wp\/v2\/pages\/225\/revisions"}],"predecessor-version":[{"id":1193,"href":"https:\/\/www.zrzky.sk\/en\/wp-json\/wp\/v2\/pages\/225\/revisions\/1193"}],"wp:attachment":[{"href":"https:\/\/www.zrzky.sk\/en\/wp-json\/wp\/v2\/media?parent=225"}],"curies":[{"name":"wp","href":"https:\/\/api.w.org\/{rel}","templated":true}]}}