{"id":20,"date":"2025-08-11T09:37:48","date_gmt":"2025-08-11T09:37:48","guid":{"rendered":"https:\/\/www.zrzky.sk\/contact"},"modified":"2025-11-06T12:14:33","modified_gmt":"2025-11-06T12:14:33","slug":"kontakt","status":"publish","type":"page","link":"https:\/\/www.zrzky.sk\/en\/kontakt","title":{"rendered":"Contact"},"content":{"rendered":"<div data-elementor-type=\"wp-page\" data-elementor-id=\"20\" class=\"elementor elementor-20\" data-elementor-post-type=\"page\">\n\t\t\t\t<div class=\"elementor-element elementor-element-19bf0452 e-con-full e-flex e-con e-parent\" data-id=\"19bf0452\" data-element_type=\"container\" data-settings=\"{&quot;background_background&quot;:&quot;classic&quot;}\">\n\t\t<div class=\"elementor-element elementor-element-242866ec e-con-full e-flex e-con e-child\" data-id=\"242866ec\" data-element_type=\"container\">\n\t\t<div class=\"elementor-element elementor-element-261aedd0 e-con-full e-flex e-con e-child\" data-id=\"261aedd0\" data-element_type=\"container\">\n\t\t\t\t<div class=\"elementor-element elementor-element-bccc910 elementor-widget elementor-widget-heading\" data-id=\"bccc910\" data-element_type=\"widget\" data-widget_type=\"heading.default\">\n\t\t\t\t\t<h4 class=\"elementor-heading-title elementor-size-default\">Where to find us<\/h4>\t\t\t\t<\/div>\n\t\t\t\t<div class=\"elementor-element elementor-element-02c3799 elementor-widget elementor-widget-text-editor\" data-id=\"02c3799\" data-element_type=\"widget\" data-widget_type=\"text-editor.default\">\n\t\t\t\t\t\t\t\t\t<p>N\u00e1mestie Mateja Korv\u00edna 1, <br \/>811 07 Bratislava, Slovakia<\/p>\t\t\t\t\t\t\t\t<\/div>\n\t\t\t\t<div class=\"elementor-element elementor-element-462e75c elementor-widget elementor-widget-heading\" data-id=\"462e75c\" data-element_type=\"widget\" data-widget_type=\"heading.default\">\n\t\t\t\t\t<h4 class=\"elementor-heading-title elementor-size-default\">Write to us<\/h4>\t\t\t\t<\/div>\n\t\t\t\t<div class=\"elementor-element elementor-element-ed5e92c elementor-button-align-stretch elementor-widget elementor-widget-form\" data-id=\"ed5e92c\" data-element_type=\"widget\" data-settings=\"{&quot;button_width&quot;:&quot;25&quot;,&quot;button_width_mobile&quot;:&quot;40&quot;,&quot;step_next_label&quot;:&quot;\\u010eal\\u0161ie&quot;,&quot;step_previous_label&quot;:&quot;Predo\\u0161l\\u00e9&quot;,&quot;step_type&quot;:&quot;number_text&quot;,&quot;step_icon_shape&quot;:&quot;circle&quot;}\" data-widget_type=\"form.default\">\n\t\t\t\t\t\t\t<form class=\"elementor-form\" method=\"post\" name=\"New Form\" aria-label=\"New Form\" action=\"\">\n\t\t\t<input type=\"hidden\" name=\"post_id\" value=\"20\"\/>\n\t\t\t<input type=\"hidden\" name=\"form_id\" value=\"ed5e92c\"\/>\n\t\t\t<input type=\"hidden\" name=\"referer_title\" value=\"Kontakt - Zrzky Wine &amp; Tapas\" \/>\n\n\t\t\t\t\t\t\t<input type=\"hidden\" name=\"queried_id\" value=\"20\"\/>\n\t\t\t\n\t\t\t<div class=\"elementor-form-fields-wrapper elementor-labels-\">\n\t\t\t\t\t\t\t\t<div class=\"elementor-field-type-text elementor-field-group elementor-column elementor-field-group-name elementor-col-100\">\n\t\t\t\t\t\t\t\t\t\t\t\t<label for=\"form-field-name\" class=\"elementor-field-label elementor-screen-only\">\n\t\t\t\t\t\t\t\tName\t\t\t\t\t\t\t<\/label>\n\t\t\t\t\t\t\t\t\t\t\t\t\t\t<input size=\"1\" type=\"text\" name=\"form_fields[name]\" id=\"form-field-name\" class=\"elementor-field elementor-size-sm  elementor-field-textual\" placeholder=\"Name\">\n\t\t\t\t\t\t\t\t\t\t\t<\/div>\n\t\t\t\t\t\t\t\t<div class=\"elementor-field-type-email elementor-field-group elementor-column elementor-field-group-email elementor-col-100 elementor-field-required\">\n\t\t\t\t\t\t\t\t\t\t\t\t<label for=\"form-field-email\" class=\"elementor-field-label elementor-screen-only\">\n\t\t\t\t\t\t\t\tEmail\t\t\t\t\t\t\t<\/label>\n\t\t\t\t\t\t\t\t\t\t\t\t\t\t<input size=\"1\" type=\"email\" name=\"form_fields[email]\" id=\"form-field-email\" class=\"elementor-field elementor-size-sm  elementor-field-textual\" placeholder=\"Email\" required=\"required\">\n\t\t\t\t\t\t\t\t\t\t\t<\/div>\n\t\t\t\t\t\t\t\t<div class=\"elementor-field-type-tel elementor-field-group elementor-column elementor-field-group-field_fda4d82 elementor-col-100 elementor-field-required\">\n\t\t\t\t\t\t\t\t\t\t\t\t<label for=\"form-field-field_fda4d82\" class=\"elementor-field-label elementor-screen-only\">\n\t\t\t\t\t\t\t\tPhone\t\t\t\t\t\t\t<\/label>\n\t\t\t\t\t\t\t\t<input size=\"1\" type=\"tel\" name=\"form_fields[field_fda4d82]\" id=\"form-field-field_fda4d82\" class=\"elementor-field elementor-size-sm  elementor-field-textual\" placeholder=\"Phone\" required=\"required\" pattern=\"[0-9()#&amp;+*-=.]+\" title=\"Pros\u00ed zad\u00e1vajte iba \u010d\u00edsla alebo tieto znaky #, -, *,\">\n\n\t\t\t\t\t\t<\/div>\n\t\t\t\t\t\t\t\t<div class=\"elementor-field-type-textarea elementor-field-group elementor-column elementor-field-group-message elementor-col-100\">\n\t\t\t\t\t\t\t\t\t\t\t\t<label for=\"form-field-message\" class=\"elementor-field-label elementor-screen-only\">\n\t\t\t\t\t\t\t\tMessage\t\t\t\t\t\t\t<\/label>\n\t\t\t\t\t\t<textarea class=\"elementor-field-textual elementor-field  elementor-size-sm\" name=\"form_fields[message]\" id=\"form-field-message\" rows=\"4\" placeholder=\"Message\"><\/textarea>\t\t\t\t<\/div>\n\t\t\t\t\t\t\t\t<div class=\"elementor-field-type-acceptance elementor-field-group elementor-column elementor-field-group-field_fc2d90a elementor-col-100\">\n\t\t\t\t\t\t\t<div class=\"elementor-field-subgroup\">\n\t\t\t<span class=\"elementor-field-option\">\n\t\t\t\t<input type=\"checkbox\" name=\"form_fields[field_fc2d90a]\" id=\"form-field-field_fc2d90a\" class=\"elementor-field elementor-size-sm  elementor-acceptance-field\">\n\t\t\t\t<label for=\"form-field-field_fc2d90a\">By submitting the form, you agree to our privacy policy.<\/label>\t\t\t<\/span>\n\t\t<\/div>\n\t\t\t\t\t\t<\/div>\n\t\t\t\t\t\t\t\t<div class=\"elementor-field-group elementor-column elementor-field-type-submit elementor-col-25 e-form__buttons elementor-sm-40\">\n\t\t\t\t\t<button class=\"elementor-button elementor-size-sm\" type=\"submit\">\n\t\t\t\t\t\t<span class=\"elementor-button-content-wrapper\">\n\t\t\t\t\t\t\t\t\t\t\t\t\t\t\t\t\t\t\t\t\t\t<span class=\"elementor-button-text\">Send<\/span>\n\t\t\t\t\t\t\t\t\t\t\t\t\t<\/span>\n\t\t\t\t\t<\/button>\n\t\t\t\t<\/div>\n\t\t\t<\/div>\n\t\t<input type=\"hidden\" name=\"trp-form-language\" value=\"en\"\/><\/form>\n\t\t\t\t\t\t<\/div>\n\t\t\t\t<\/div>\n\t\t\t\t<\/div>\n\t\t\t\t<div class=\"elementor-element elementor-element-67ffdcdb elementor-widget__width-initial elementor-widget-tablet__width-inherit elementor-widget elementor-widget-google_maps\" data-id=\"67ffdcdb\" data-element_type=\"widget\" data-widget_type=\"google_maps.default\">\n\t\t\t\t\t\t\t<div class=\"elementor-custom-embed\">\n\t\t\t<iframe loading=\"lazy\"\n\t\t\t\t\tsrc=\"https:\/\/maps.google.com\/maps?q=N%C3%A1mestie%20Mateja%20Korv%C3%ADna%201%2C%20811%2007%20Bratislava%2C%20Slovensko&#038;t=m&#038;z=16&#038;output=embed&#038;iwloc=near\"\n\t\t\t\t\ttitle=\"N\u00e1mestie Mateja Korv\u00edna 1, 811 07 Bratislava, Slovakia\"\n\t\t\t\t\taria-label=\"N\u00e1mestie Mateja Korv\u00edna 1, 811 07 Bratislava, Slovakia\"\n\t\t\t><\/iframe>\n\t\t<\/div>\n\t\t\t\t\t\t<\/div>\n\t\t\t\t<\/div>\n\t\t<div class=\"elementor-element elementor-element-ae1c534 e-flex e-con-boxed e-con e-parent\" data-id=\"ae1c534\" data-element_type=\"container\">\n\t\t\t\t\t<div class=\"e-con-inner\">\n\t\t\t\t<div class=\"elementor-element elementor-element-291899e elementor-widget-divider--view-line elementor-widget elementor-widget-divider\" data-id=\"291899e\" data-element_type=\"widget\" data-widget_type=\"divider.default\">\n\t\t\t\t\t\t\t<div class=\"elementor-divider\">\n\t\t\t<span class=\"elementor-divider-separator\">\n\t\t\t\t\t\t<\/span>\n\t\t<\/div>\n\t\t\t\t\t\t<\/div>\n\t\t\t\t\t<\/div>\n\t\t\t\t<\/div>\n\t\t<div class=\"elementor-element elementor-element-db948ff e-flex e-con-boxed e-con e-parent\" data-id=\"db948ff\" data-element_type=\"container\">\n\t\t\t\t\t<div class=\"e-con-inner\">\n\t\t<div class=\"elementor-element elementor-element-1f26a8f e-con-full e-flex e-con e-child\" data-id=\"1f26a8f\" data-element_type=\"container\">\n\t\t\t\t<div class=\"elementor-element elementor-element-7a26c38 elementor-widget elementor-widget-heading\" data-id=\"7a26c38\" data-element_type=\"widget\" data-widget_type=\"heading.default\">\n\t\t\t\t\t<h4 class=\"elementor-heading-title elementor-size-default\">Taxi<\/h4>\t\t\t\t<\/div>\n\t\t\t\t<div class=\"elementor-element elementor-element-dd077bc elementor-widget elementor-widget-text-editor\" data-id=\"dd077bc\" data-element_type=\"widget\" data-widget_type=\"text-editor.default\">\n\t\t\t\t\t\t\t\t\tSta\u010d\u00ed zada\u0165: <b>Zrzky, N\u00e1mestie Mateja Korv\u00edna<\/b><strong> <\/strong>\t\t\t\t\t\t\t\t<\/div>\n\t\t\t\t<div class=\"elementor-element elementor-element-cb61f44 elementor-widget elementor-widget-text-editor\" data-id=\"cb61f44\" data-element_type=\"widget\" data-widget_type=\"text-editor.default\">\n\t\t\t\t\t\t\t\t\t<p><b>Pozor!\u00a0<\/b>V aplik\u00e1cii Bolt sa st\u00e1le zobrazuje na\u0161a star\u00e1 adresa na Michalskej ulici, ktor\u00e1 u\u017e neplat\u00ed. Spr\u00e1vne n\u00e1s n\u00e1jdete na N\u00e1mest\u00ed Mateja Korv\u00edna 1, sta\u010d\u00ed zada\u0165 Zrzky, N\u00e1mestie Mateja Korv\u00edna.<\/p>\t\t\t\t\t\t\t\t<\/div>\n\t\t\t\t<\/div>\n\t\t<div class=\"elementor-element elementor-element-31660b9 e-con-full e-flex e-con e-child\" data-id=\"31660b9\" data-element_type=\"container\" data-settings=\"{&quot;background_background&quot;:&quot;classic&quot;}\">\n\t\t\t\t<div class=\"elementor-element elementor-element-a67fdd4 elementor-widget-mobile__width-inherit elementor-widget elementor-widget-heading\" data-id=\"a67fdd4\" data-element_type=\"widget\" data-widget_type=\"heading.default\">\n\t\t\t\t\t<h4 class=\"elementor-heading-title elementor-size-default\">Autobus &amp; Elektri\u010dka:<\/h4>\t\t\t\t<\/div>\n\t\t\t\t<div class=\"elementor-element elementor-element-fb84461 elementor-widget elementor-widget-text-editor\" data-id=\"fb84461\" data-element_type=\"widget\" data-widget_type=\"text-editor.default\">\n\t\t\t\t\t\t\t\t\t<p>Najbli\u017e\u0161ie zast\u00e1vky s\u00fa <b>Ra\u010dianske m\u00fdto<\/b> a <b>Blument\u00e1l<\/b>. Obe s\u00fa len p\u00e1r min\u00fat ch\u00f4dze od n\u00e1s.<\/p>\t\t\t\t\t\t\t\t<\/div>\n\t\t\t\t<\/div>\n\t\t\t\t\t<\/div>\n\t\t\t\t<\/div>\n\t\t<div class=\"elementor-element elementor-element-18d622b e-flex e-con-boxed e-con e-parent\" data-id=\"18d622b\" data-element_type=\"container\">\n\t\t\t\t\t<div class=\"e-con-inner\">\n\t\t\t\t<div class=\"elementor-element elementor-element-bf14ffb elementor-widget-divider--view-line elementor-widget elementor-widget-divider\" data-id=\"bf14ffb\" data-element_type=\"widget\" data-widget_type=\"divider.default\">\n\t\t\t\t\t\t\t<div class=\"elementor-divider\">\n\t\t\t<span class=\"elementor-divider-separator\">\n\t\t\t\t\t\t<\/span>\n\t\t<\/div>\n\t\t\t\t\t\t<\/div>\n\t\t\t\t\t<\/div>\n\t\t\t\t<\/div>\n\t\t<div class=\"elementor-element elementor-element-3340ee6 e-flex e-con-boxed e-con e-parent\" data-id=\"3340ee6\" data-element_type=\"container\">\n\t\t\t\t\t<div class=\"e-con-inner\">\n\t\t<div class=\"elementor-element elementor-element-ff4abc7 e-con-full e-flex e-con e-child\" data-id=\"ff4abc7\" data-element_type=\"container\">\n\t\t\t\t<div class=\"elementor-element elementor-element-28fc57c elementor-widget elementor-widget-heading\" data-id=\"28fc57c\" data-element_type=\"widget\" data-widget_type=\"heading.default\">\n\t\t\t\t\t<h4 class=\"elementor-heading-title elementor-size-default\">Parkovanie<\/h4>\t\t\t\t<\/div>\n\t\t\t\t<div class=\"elementor-element elementor-element-30951b2 elementor-widget elementor-widget-icon-box\" data-id=\"30951b2\" data-element_type=\"widget\" data-widget_type=\"icon-box.default\">\n\t\t\t\t\t\t\t<div class=\"elementor-icon-box-wrapper\">\n\n\t\t\t\n\t\t\t\t\t\t<div class=\"elementor-icon-box-content\">\n\n\t\t\t\t\t\t\t\t\t<h3 class=\"elementor-icon-box-title\">\n\t\t\t\t\t\t<span  >\n\t\t\t\t\t\t\tPo - Pia: 7:00 - 22:00 hod.\t\t\t\t\t\t<\/span>\n\t\t\t\t\t<\/h3>\n\t\t\t\t\n\t\t\t\t\t\t\t\t\t<p class=\"elementor-icon-box-description\">\n\t\t\t\t\t\tPrv\u00fdch 5 min. zadarmo, 2,5\u20ac  - ka\u017ed\u00e1 za\u010dat\u00e1 hodina\t\t\t\t\t<\/p>\n\t\t\t\t\n\t\t\t<\/div>\n\t\t\t\n\t\t<\/div>\n\t\t\t\t\t\t<\/div>\n\t\t\t\t<div class=\"elementor-element elementor-element-2340bf2 elementor-widget elementor-widget-icon-box\" data-id=\"2340bf2\" data-element_type=\"widget\" data-widget_type=\"icon-box.default\">\n\t\t\t\t\t\t\t<div class=\"elementor-icon-box-wrapper\">\n\n\t\t\t\n\t\t\t\t\t\t<div class=\"elementor-icon-box-content\">\n\n\t\t\t\t\t\t\t\t\t<h3 class=\"elementor-icon-box-title\">\n\t\t\t\t\t\t<span  >\n\t\t\t\t\t\t\tPo - Pia: 22:00 - 7.00 hod. a v\u00edkendy\t\t\t\t\t\t<\/span>\n\t\t\t\t\t<\/h3>\n\t\t\t\t\n\t\t\t\t\t\t\t\t\t<p class=\"elementor-icon-box-description\">\n\t\t\t\t\t\tPrv\u00fdch 5 min. zadarmo, 1,7\u20ac  - ka\u017ed\u00e1 za\u010dat\u00e1 hodina\t\t\t\t\t<\/p>\n\t\t\t\t\n\t\t\t<\/div>\n\t\t\t\n\t\t<\/div>\n\t\t\t\t\t\t<\/div>\n\t\t\t\t<div class=\"elementor-element elementor-element-0918c14 elementor-widget elementor-widget-icon-box\" data-id=\"0918c14\" data-element_type=\"widget\" data-widget_type=\"icon-box.default\">\n\t\t\t\t\t\t\t<div class=\"elementor-icon-box-wrapper\">\n\n\t\t\t\n\t\t\t\t\t\t<div class=\"elementor-icon-box-content\">\n\n\t\t\t\t\t\t\t\t\t<h3 class=\"elementor-icon-box-title\">\n\t\t\t\t\t\t<span  >\n\t\t\t\t\t\t\tCelodenn\u00e9 parkovanie 24 hod\u00edn\t\t\t\t\t\t<\/span>\n\t\t\t\t\t<\/h3>\n\t\t\t\t\n\t\t\t\t\t\t\t\t\t<p class=\"elementor-icon-box-description\">\n\t\t\t\t\t\t30 \u20ac\t\t\t\t\t<\/p>\n\t\t\t\t\n\t\t\t<\/div>\n\t\t\t\n\t\t<\/div>\n\t\t\t\t\t\t<\/div>\n\t\t\t\t<\/div>\n\t\t<div class=\"elementor-element elementor-element-0e3caa4 e-con-full e-flex e-con e-child\" data-id=\"0e3caa4\" data-element_type=\"container\" data-settings=\"{&quot;background_background&quot;:&quot;classic&quot;}\">\n\t\t\t\t<div class=\"elementor-element elementor-element-e80608c elementor-widget elementor-widget-image\" data-id=\"e80608c\" data-element_type=\"widget\" data-widget_type=\"image.default\">\n\t\t\t\t\t\t\t\t\t\t\t\t\t\t\t<img fetchpriority=\"high\" decoding=\"async\" width=\"800\" height=\"660\" src=\"https:\/\/www.zrzky.sk\/wp-content\/uploads\/2025\/09\/parking5.png\" class=\"attachment-large size-large wp-image-1082\" alt=\"\" srcset=\"https:\/\/www.zrzky.sk\/wp-content\/uploads\/2025\/09\/parking5.png 894w, https:\/\/www.zrzky.sk\/wp-content\/uploads\/2025\/09\/parking5-300x248.png 300w, https:\/\/www.zrzky.sk\/wp-content\/uploads\/2025\/09\/parking5-768x634.png 768w, https:\/\/www.zrzky.sk\/wp-content\/uploads\/2025\/09\/parking5-15x12.png 15w, https:\/\/www.zrzky.sk\/wp-content\/uploads\/2025\/09\/parking5-600x495.png 600w\" sizes=\"(max-width: 800px) 100vw, 800px\" \/>\t\t\t\t\t\t\t\t\t\t\t\t\t\t\t<\/div>\n\t\t\t\t<\/div>\n\t\t\t\t\t<\/div>\n\t\t\t\t<\/div>\n\t\t\t\t<\/div>","protected":false},"excerpt":{"rendered":"<p>Kde n\u00e1s n\u00e1jdete N\u00e1mestie Mateja Korv\u00edna 1, 811 07 Bratislava, Slovensko Nap\u00ed\u0161te n\u00e1m Taxi Sta\u010d\u00ed zada\u0165: Zrzky, N\u00e1mestie Mateja Korv\u00edna Pozor!\u00a0V aplik\u00e1cii Bolt sa st\u00e1le zobrazuje na\u0161a star\u00e1 adresa na Michalskej ulici, ktor\u00e1 u\u017e neplat\u00ed. Spr\u00e1vne n\u00e1s n\u00e1jdete na N\u00e1mest\u00ed Mateja Korv\u00edna 1, sta\u010d\u00ed zada\u0165 Zrzky, N\u00e1mestie Mateja Korv\u00edna. Autobus &amp; Elektri\u010dka: Najbli\u017e\u0161ie zast\u00e1vky s\u00fa [&hellip;]<\/p>","protected":false},"author":1,"featured_media":0,"parent":0,"menu_order":0,"comment_status":"closed","ping_status":"closed","template":"elementor_header_footer","meta":{"footnotes":""},"class_list":["post-20","page","type-page","status-publish","hentry"],"yoast_head":"<!-- This site is optimized with the Yoast SEO plugin v26.3 - https:\/\/yoast.com\/wordpress\/plugins\/seo\/ -->\n<title>Kontakt - Zrzky Wine &amp; Tapas<\/title>\n<meta name=\"description\" content=\"Zrzky Wine &amp; Tapas \u2013 vin\u00e1re\u0148 v srdci Bratislavy. \u0160panielske v\u00edna, tapas a \u017eiv\u00e1 hudba v autentickej atmosf\u00e9re, ktor\u00fa si zamilujete.\" \/>\n<meta name=\"robots\" content=\"index, follow, max-snippet:-1, max-image-preview:large, max-video-preview:-1\" \/>\n<link rel=\"canonical\" href=\"https:\/\/www.zrzky.sk\/en\/kontakt\/\" \/>\n<meta property=\"og:locale\" content=\"en_GB\" \/>\n<meta property=\"og:type\" content=\"article\" \/>\n<meta property=\"og:title\" content=\"Kontakt - Zrzky Wine &amp; Tapas\" \/>\n<meta property=\"og:description\" content=\"Zrzky Wine &amp; Tapas \u2013 vin\u00e1re\u0148 v srdci Bratislavy. \u0160panielske v\u00edna, tapas a \u017eiv\u00e1 hudba v autentickej atmosf\u00e9re, ktor\u00fa si zamilujete.\" \/>\n<meta property=\"og:url\" content=\"https:\/\/www.zrzky.sk\/en\/kontakt\/\" \/>\n<meta property=\"og:site_name\" content=\"Zrzky Wine &amp; Tapas\" \/>\n<meta property=\"article:publisher\" content=\"https:\/\/www.facebook.com\/zrzky.bratislava\/?locale=sk_SK\" \/>\n<meta property=\"article:modified_time\" content=\"2025-11-06T12:14:33+00:00\" \/>\n<meta property=\"og:image\" content=\"https:\/\/www.zrzky.sk\/wp-content\/uploads\/2025\/09\/parking5.png\" \/>\n\t<meta property=\"og:image:width\" content=\"894\" \/>\n\t<meta property=\"og:image:height\" content=\"738\" \/>\n\t<meta property=\"og:image:type\" content=\"image\/png\" \/>\n<meta name=\"twitter:card\" content=\"summary_large_image\" \/>\n<meta name=\"twitter:label1\" content=\"Estimated reading time\" \/>\n\t<meta name=\"twitter:data1\" content=\"1 minute\" \/>\n<script type=\"application\/ld+json\" class=\"yoast-schema-graph\">{\"@context\":\"https:\/\/schema.org\",\"@graph\":[{\"@type\":\"WebPage\",\"@id\":\"https:\/\/www.zrzky.sk\/kontakt\",\"url\":\"https:\/\/www.zrzky.sk\/kontakt\",\"name\":\"Kontakt - Zrzky Wine &amp; Tapas\",\"isPartOf\":{\"@id\":\"https:\/\/www.zrzky.sk\/#website\"},\"primaryImageOfPage\":{\"@id\":\"https:\/\/www.zrzky.sk\/kontakt#primaryimage\"},\"image\":{\"@id\":\"https:\/\/www.zrzky.sk\/kontakt#primaryimage\"},\"thumbnailUrl\":\"https:\/\/www.zrzky.sk\/wp-content\/uploads\/2025\/09\/parking5.png\",\"datePublished\":\"2025-08-11T09:37:48+00:00\",\"dateModified\":\"2025-11-06T12:14:33+00:00\",\"description\":\"Zrzky Wine & Tapas \u2013 vin\u00e1re\u0148 v srdci Bratislavy. \u0160panielske v\u00edna, tapas a \u017eiv\u00e1 hudba v autentickej atmosf\u00e9re, ktor\u00fa si zamilujete.\",\"breadcrumb\":{\"@id\":\"https:\/\/www.zrzky.sk\/kontakt#breadcrumb\"},\"inLanguage\":\"en-GB\",\"potentialAction\":[{\"@type\":\"ReadAction\",\"target\":[\"https:\/\/www.zrzky.sk\/kontakt\"]}]},{\"@type\":\"ImageObject\",\"inLanguage\":\"en-GB\",\"@id\":\"https:\/\/www.zrzky.sk\/kontakt#primaryimage\",\"url\":\"https:\/\/www.zrzky.sk\/wp-content\/uploads\/2025\/09\/parking5.png\",\"contentUrl\":\"https:\/\/www.zrzky.sk\/wp-content\/uploads\/2025\/09\/parking5.png\"},{\"@type\":\"BreadcrumbList\",\"@id\":\"https:\/\/www.zrzky.sk\/kontakt#breadcrumb\",\"itemListElement\":[{\"@type\":\"ListItem\",\"position\":1,\"name\":\"Domovsk\u00e1 str\u00e1nka\",\"item\":\"https:\/\/www.zrzky.sk\/\"},{\"@type\":\"ListItem\",\"position\":2,\"name\":\"Kontakt\"}]},{\"@type\":\"WebSite\",\"@id\":\"https:\/\/www.zrzky.sk\/#website\",\"url\":\"https:\/\/www.zrzky.sk\/\",\"name\":\"Zrzky Wine & Tapas\",\"description\":\"\",\"publisher\":{\"@id\":\"https:\/\/www.zrzky.sk\/#organization\"},\"potentialAction\":[{\"@type\":\"SearchAction\",\"target\":{\"@type\":\"EntryPoint\",\"urlTemplate\":\"https:\/\/www.zrzky.sk\/?s={search_term_string}\"},\"query-input\":{\"@type\":\"PropertyValueSpecification\",\"valueRequired\":true,\"valueName\":\"search_term_string\"}}],\"inLanguage\":\"en-GB\"},{\"@type\":\"Organization\",\"@id\":\"https:\/\/www.zrzky.sk\/#organization\",\"name\":\"Zrzky Wine & Tapas\",\"url\":\"https:\/\/www.zrzky.sk\/\",\"logo\":{\"@type\":\"ImageObject\",\"inLanguage\":\"en-GB\",\"@id\":\"https:\/\/www.zrzky.sk\/#\/schema\/logo\/image\/\",\"url\":\"https:\/\/www.zrzky.sk\/wp-content\/uploads\/2025\/08\/logo_kruh2.png\",\"contentUrl\":\"https:\/\/www.zrzky.sk\/wp-content\/uploads\/2025\/08\/logo_kruh2.png\",\"width\":996,\"height\":610,\"caption\":\"Zrzky Wine & Tapas\"},\"image\":{\"@id\":\"https:\/\/www.zrzky.sk\/#\/schema\/logo\/image\/\"},\"sameAs\":[\"https:\/\/www.facebook.com\/zrzky.bratislava\/?locale=sk_SK\",\"https:\/\/www.instagram.com\/zrzky.bratislava\/\"]}]}<\/script>\n<!-- \/ Yoast SEO plugin. -->","yoast_head_json":{"title":"Kontakt - Zrzky Wine &amp; Tapas","description":"Zrzky Wine & Tapas \u2013 vin\u00e1re\u0148 v srdci Bratislavy. \u0160panielske v\u00edna, tapas a \u017eiv\u00e1 hudba v autentickej atmosf\u00e9re, ktor\u00fa si zamilujete.","robots":{"index":"index","follow":"follow","max-snippet":"max-snippet:-1","max-image-preview":"max-image-preview:large","max-video-preview":"max-video-preview:-1"},"canonical":"https:\/\/www.zrzky.sk\/en\/kontakt\/","og_locale":"en_GB","og_type":"article","og_title":"Kontakt - Zrzky Wine &amp; Tapas","og_description":"Zrzky Wine & Tapas \u2013 vin\u00e1re\u0148 v srdci Bratislavy. \u0160panielske v\u00edna, tapas a \u017eiv\u00e1 hudba v autentickej atmosf\u00e9re, ktor\u00fa si zamilujete.","og_url":"https:\/\/www.zrzky.sk\/en\/kontakt\/","og_site_name":"Zrzky Wine &amp; Tapas","article_publisher":"https:\/\/www.facebook.com\/zrzky.bratislava\/?locale=sk_SK","article_modified_time":"2025-11-06T12:14:33+00:00","og_image":[{"width":894,"height":738,"url":"https:\/\/www.zrzky.sk\/wp-content\/uploads\/2025\/09\/parking5.png","type":"image\/png"}],"twitter_card":"summary_large_image","twitter_misc":{"Estimated reading time":"1 minute"},"schema":{"@context":"https:\/\/schema.org","@graph":[{"@type":"WebPage","@id":"https:\/\/www.zrzky.sk\/kontakt","url":"https:\/\/www.zrzky.sk\/kontakt","name":"Kontakt - Zrzky Wine &amp; Tapas","isPartOf":{"@id":"https:\/\/www.zrzky.sk\/#website"},"primaryImageOfPage":{"@id":"https:\/\/www.zrzky.sk\/kontakt#primaryimage"},"image":{"@id":"https:\/\/www.zrzky.sk\/kontakt#primaryimage"},"thumbnailUrl":"https:\/\/www.zrzky.sk\/wp-content\/uploads\/2025\/09\/parking5.png","datePublished":"2025-08-11T09:37:48+00:00","dateModified":"2025-11-06T12:14:33+00:00","description":"Zrzky Wine & Tapas \u2013 vin\u00e1re\u0148 v srdci Bratislavy. \u0160panielske v\u00edna, tapas a \u017eiv\u00e1 hudba v autentickej atmosf\u00e9re, ktor\u00fa si zamilujete.","breadcrumb":{"@id":"https:\/\/www.zrzky.sk\/kontakt#breadcrumb"},"inLanguage":"en-GB","potentialAction":[{"@type":"ReadAction","target":["https:\/\/www.zrzky.sk\/kontakt"]}]},{"@type":"ImageObject","inLanguage":"en-GB","@id":"https:\/\/www.zrzky.sk\/kontakt#primaryimage","url":"https:\/\/www.zrzky.sk\/wp-content\/uploads\/2025\/09\/parking5.png","contentUrl":"https:\/\/www.zrzky.sk\/wp-content\/uploads\/2025\/09\/parking5.png"},{"@type":"BreadcrumbList","@id":"https:\/\/www.zrzky.sk\/kontakt#breadcrumb","itemListElement":[{"@type":"ListItem","position":1,"name":"Domovsk\u00e1 str\u00e1nka","item":"https:\/\/www.zrzky.sk\/"},{"@type":"ListItem","position":2,"name":"Kontakt"}]},{"@type":"WebSite","@id":"https:\/\/www.zrzky.sk\/#website","url":"https:\/\/www.zrzky.sk\/","name":"Zrzky Wine & Tapas","description":"","publisher":{"@id":"https:\/\/www.zrzky.sk\/#organization"},"potentialAction":[{"@type":"SearchAction","target":{"@type":"EntryPoint","urlTemplate":"https:\/\/www.zrzky.sk\/?s={search_term_string}"},"query-input":{"@type":"PropertyValueSpecification","valueRequired":true,"valueName":"search_term_string"}}],"inLanguage":"en-GB"},{"@type":"Organization","@id":"https:\/\/www.zrzky.sk\/#organization","name":"Zrzky Wine & Tapas","url":"https:\/\/www.zrzky.sk\/","logo":{"@type":"ImageObject","inLanguage":"en-GB","@id":"https:\/\/www.zrzky.sk\/#\/schema\/logo\/image\/","url":"https:\/\/www.zrzky.sk\/wp-content\/uploads\/2025\/08\/logo_kruh2.png","contentUrl":"https:\/\/www.zrzky.sk\/wp-content\/uploads\/2025\/08\/logo_kruh2.png","width":996,"height":610,"caption":"Zrzky Wine & Tapas"},"image":{"@id":"https:\/\/www.zrzky.sk\/#\/schema\/logo\/image\/"},"sameAs":["https:\/\/www.facebook.com\/zrzky.bratislava\/?locale=sk_SK","https:\/\/www.instagram.com\/zrzky.bratislava\/"]}]}},"_links":{"self":[{"href":"https:\/\/www.zrzky.sk\/en\/wp-json\/wp\/v2\/pages\/20","targetHints":{"allow":["GET"]}}],"collection":[{"href":"https:\/\/www.zrzky.sk\/en\/wp-json\/wp\/v2\/pages"}],"about":[{"href":"https:\/\/www.zrzky.sk\/en\/wp-json\/wp\/v2\/types\/page"}],"author":[{"embeddable":true,"href":"https:\/\/www.zrzky.sk\/en\/wp-json\/wp\/v2\/users\/1"}],"replies":[{"embeddable":true,"href":"https:\/\/www.zrzky.sk\/en\/wp-json\/wp\/v2\/comments?post=20"}],"version-history":[{"count":62,"href":"https:\/\/www.zrzky.sk\/en\/wp-json\/wp\/v2\/pages\/20\/revisions"}],"predecessor-version":[{"id":1166,"href":"https:\/\/www.zrzky.sk\/en\/wp-json\/wp\/v2\/pages\/20\/revisions\/1166"}],"wp:attachment":[{"href":"https:\/\/www.zrzky.sk\/en\/wp-json\/wp\/v2\/media?parent=20"}],"curies":[{"name":"wp","href":"https:\/\/api.w.org\/{rel}","templated":true}]}}