{"id":1090,"date":"2025-09-16T15:56:12","date_gmt":"2025-09-16T15:56:12","guid":{"rendered":"https:\/\/www.zrzky.sk\/?page_id=1090"},"modified":"2025-09-28T16:03:45","modified_gmt":"2025-09-28T16:03:45","slug":"produkty","status":"publish","type":"page","link":"https:\/\/www.zrzky.sk\/en\/produkty","title":{"rendered":"Produkty"},"content":{"rendered":"<div data-elementor-type=\"wp-page\" data-elementor-id=\"1090\" class=\"elementor elementor-1090\" data-elementor-post-type=\"page\">\n\t\t\t\t<div class=\"elementor-element elementor-element-652ca1c e-flex e-con-boxed e-con e-parent\" data-id=\"652ca1c\" data-element_type=\"container\" data-settings=\"{&quot;background_background&quot;:&quot;classic&quot;}\">\n\t\t\t\t\t<div class=\"e-con-inner\">\n\t\t\t\t<div class=\"elementor-element elementor-element-0c358b9 elementor-align-center elementor-mobile-align-left elementor-icon-list--layout-traditional elementor-list-item-link-full_width elementor-widget elementor-widget-icon-list\" data-id=\"0c358b9\" data-element_type=\"widget\" data-widget_type=\"icon-list.default\">\n\t\t\t\t\t\t\t<ul class=\"elementor-icon-list-items\">\n\t\t\t\t\t\t\t<li class=\"elementor-icon-list-item\">\n\t\t\t\t\t\t\t\t\t\t\t<span class=\"elementor-icon-list-icon\">\n\t\t\t\t\t\t\t<svg aria-hidden=\"true\" class=\"e-font-icon-svg e-fas-map-marker-alt\" viewbox=\"0 0 384 512\" xmlns=\"http:\/\/www.w3.org\/2000\/svg\"><path d=\"M172.268 501.67C26.97 291.031 0 269.413 0 192 0 85.961 85.961 0 192 0s192 85.961 192 192c0 77.413-26.97 99.031-172.268 309.67-9.535 13.774-29.93 13.773-39.464 0zM192 272c44.183 0 80-35.817 80-80s-35.817-80-80-80-80 35.817-80 80 35.817 80 80 80z\"><\/path><\/svg>\t\t\t\t\t\t<\/span>\n\t\t\t\t\t\t\t\t\t\t<span class=\"elementor-icon-list-text\">Uguren Ugarte, Laguardia \u00c1lava Spain <\/span>\n\t\t\t\t\t\t\t\t\t<\/li>\n\t\t\t\t\t\t<\/ul>\n\t\t\t\t\t\t<\/div>\n\t\t\t\t<div class=\"elementor-element elementor-element-c4f7205 elementor-widget elementor-widget-heading\" data-id=\"c4f7205\" data-element_type=\"widget\" data-widget_type=\"heading.default\">\n\t\t\t\t\t<h2 class=\"elementor-heading-title elementor-size-default\">Objavte eleganciu Rioja v\u00edn zo srdca Laguardie.<\/h2>\t\t\t\t<\/div>\n\t\t\t\t\t<\/div>\n\t\t\t\t<\/div>\n\t\t<div class=\"elementor-element elementor-element-53fb47c e-con-full e-flex e-con e-parent\" data-id=\"53fb47c\" data-element_type=\"container\" data-settings=\"{&quot;background_background&quot;:&quot;classic&quot;}\">\n\t\t<div class=\"elementor-element elementor-element-1f77c5a e-con-full e-flex e-con e-child\" data-id=\"1f77c5a\" data-element_type=\"container\">\n\t\t\t\t<div class=\"elementor-element elementor-element-4df0f21 elementor-widget elementor-widget-heading\" data-id=\"4df0f21\" data-element_type=\"widget\" data-widget_type=\"heading.default\">\n\t\t\t\t\t<h2 class=\"elementor-heading-title elementor-size-default\">Exkluz\u00edvne v\u00edna Eguren Ugarte\n<\/h2>\t\t\t\t<\/div>\n\t\t\t\t<div class=\"elementor-element elementor-element-80d0ed4 elementor-widget elementor-widget-image\" data-id=\"80d0ed4\" data-element_type=\"widget\" data-widget_type=\"image.default\">\n\t\t\t\t\t\t\t\t\t\t\t\t\t\t\t<img fetchpriority=\"high\" decoding=\"async\" width=\"800\" height=\"63\" src=\"https:\/\/www.zrzky.sk\/wp-content\/uploads\/2025\/08\/underline-1024x81.png\" class=\"attachment-large size-large wp-image-128\" alt=\"\" srcset=\"https:\/\/www.zrzky.sk\/wp-content\/uploads\/2025\/08\/underline-1024x81.png 1024w, https:\/\/www.zrzky.sk\/wp-content\/uploads\/2025\/08\/underline-600x47.png 600w, https:\/\/www.zrzky.sk\/wp-content\/uploads\/2025\/08\/underline-300x24.png 300w, https:\/\/www.zrzky.sk\/wp-content\/uploads\/2025\/08\/underline-768x60.png 768w, https:\/\/www.zrzky.sk\/wp-content\/uploads\/2025\/08\/underline-1536x121.png 1536w, https:\/\/www.zrzky.sk\/wp-content\/uploads\/2025\/08\/underline-2048x161.png 2048w\" sizes=\"(max-width: 800px) 100vw, 800px\" \/>\t\t\t\t\t\t\t\t\t\t\t\t\t\t\t<\/div>\n\t\t\t\t<div class=\"elementor-element elementor-element-669d6d1 elementor-widget elementor-widget-text-editor\" data-id=\"669d6d1\" data-element_type=\"widget\" data-widget_type=\"text-editor.default\">\n\t\t\t\t\t\t\t\t\t<p>Do Bratislavy prin\u00e1\u0161ame nie\u010do v\u00fdnimo\u010dn\u00e9 \u2013 v\u00edna z legend\u00e1rneho \u0161panielskeho vin\u00e1rstva Eguren Ugarte. Toto vin\u00e1rstvo z oblasti Rioja patr\u00ed medzi ikony \u0161panielskeho vinohradn\u00edctva a jeho v\u00edna s\u00fa oce\u0148ovan\u00e9 na celom svete.<\/p><p>V Zrzk\u00e1ch ich n\u00e1jdete exkluz\u00edvne iba u n\u00e1s \u2013 ide o raritu, ktor\u00fa inde v meste nen\u00e1jdete. Navy\u0161e, v\u0161etky na\u0161e v\u00edna si dov\u00e1\u017eame priamo zo \u0160panielska \u2013 bez slovensk\u00fdch distrib\u00fatorov a sprostredkovate\u013eov. Ka\u017ed\u00fd poh\u00e1r je tak z\u00e1rukou autenticity, kvality a nezamenite\u013en\u00e9ho z\u00e1\u017eitku.<\/p><p>Doprajte si chu\u0165 \u0160panielska v tej naj\u010distej\u0161ej podobe.<\/p>\t\t\t\t\t\t\t\t<\/div>\n\t\t\t\t<\/div>\n\t\t<div class=\"elementor-element elementor-element-5dc5a1a e-con-full e-flex e-con e-child\" data-id=\"5dc5a1a\" data-element_type=\"container\" data-settings=\"{&quot;background_background&quot;:&quot;classic&quot;}\">\n\t\t\t\t<div class=\"elementor-element elementor-element-41bf689 elementor-skin-carousel elementor-arrows-yes elementor-widget elementor-widget-media-carousel\" data-id=\"41bf689\" data-element_type=\"widget\" data-settings=\"{&quot;slides_per_view&quot;:&quot;1&quot;,&quot;slides_per_view_tablet&quot;:&quot;1&quot;,&quot;skin&quot;:&quot;carousel&quot;,&quot;effect&quot;:&quot;slide&quot;,&quot;show_arrows&quot;:&quot;yes&quot;,&quot;speed&quot;:500,&quot;autoplay&quot;:&quot;yes&quot;,&quot;autoplay_speed&quot;:5000,&quot;loop&quot;:&quot;yes&quot;,&quot;pause_on_hover&quot;:&quot;yes&quot;,&quot;pause_on_interaction&quot;:&quot;yes&quot;,&quot;space_between&quot;:{&quot;unit&quot;:&quot;px&quot;,&quot;size&quot;:10,&quot;sizes&quot;:[]},&quot;space_between_tablet&quot;:{&quot;unit&quot;:&quot;px&quot;,&quot;size&quot;:10,&quot;sizes&quot;:[]},&quot;space_between_mobile&quot;:{&quot;unit&quot;:&quot;px&quot;,&quot;size&quot;:10,&quot;sizes&quot;:[]}}\" data-widget_type=\"media-carousel.default\">\n\t\t\t\t\t\t\t\t\t\t<div class=\"elementor-main-swiper swiper\" role=\"region\" aria-roledescription=\"carousel\" aria-label=\"Slides\">\n\t\t\t\t<div class=\"swiper-wrapper\">\n\t\t\t\t\t\t\t\t\t\t\t<div class=\"swiper-slide\" role=\"group\" aria-roledescription=\"slide\">\n\t\t\t\t\t\t\t\t\t<div class=\"elementor-carousel-image\" role=\"img\" aria-label=\"\" style=\"background-image: url(&#039;https:\/\/www.zrzky.sk\/wp-content\/uploads\/2025\/09\/Zrzky_2505_00191.jpg&#039;)\">\n\n\t\t\t\n\t\t\t\t\t<\/div>\n\t\t\t\t\t\t\t\t<\/div>\n\t\t\t\t\t\t\t\t\t\t\t<div class=\"swiper-slide\" role=\"group\" aria-roledescription=\"slide\">\n\t\t\t\t\t\t\t\t\t<div class=\"elementor-carousel-image\" role=\"img\" aria-label=\"Zrzky_2505_00211\" style=\"background-image: url(&#039;https:\/\/www.zrzky.sk\/wp-content\/uploads\/2025\/09\/Zrzky_2505_00211.jpg&#039;)\">\n\n\t\t\t\n\t\t\t\t\t<\/div>\n\t\t\t\t\t\t\t\t<\/div>\n\t\t\t\t\t\t\t\t\t\t\t<div class=\"swiper-slide\" role=\"group\" aria-roledescription=\"slide\">\n\t\t\t\t\t\t\t\t\t<div class=\"elementor-carousel-image\" role=\"img\" aria-label=\"zrzky569\" style=\"background-image: url(&#039;https:\/\/www.zrzky.sk\/wp-content\/uploads\/2025\/09\/zrzky569.jpg&#039;)\">\n\n\t\t\t\n\t\t\t\t\t<\/div>\n\t\t\t\t\t\t\t\t<\/div>\n\t\t\t\t\t\t\t\t\t\t\t<div class=\"swiper-slide\" role=\"group\" aria-roledescription=\"slide\">\n\t\t\t\t\t\t\t\t\t<div class=\"elementor-carousel-image\" role=\"img\" aria-label=\"Zrzky_2505_00218\" style=\"background-image: url(&#039;https:\/\/www.zrzky.sk\/wp-content\/uploads\/2025\/09\/Zrzky_2505_00218.jpg&#039;)\">\n\n\t\t\t\n\t\t\t\t\t<\/div>\n\t\t\t\t\t\t\t\t<\/div>\n\t\t\t\t\t\t\t\t\t\t\t<div class=\"swiper-slide\" role=\"group\" aria-roledescription=\"slide\">\n\t\t\t\t\t\t\t\t\t<div class=\"elementor-carousel-image\" role=\"img\" aria-label=\"zrzky568\" style=\"background-image: url(&#039;https:\/\/www.zrzky.sk\/wp-content\/uploads\/2025\/09\/zrzky568.jpg&#039;)\">\n\n\t\t\t\n\t\t\t\t\t<\/div>\n\t\t\t\t\t\t\t\t<\/div>\n\t\t\t\t\t\t\t\t\t<\/div>\n\t\t\t\t\t\t\t\t\t\t\t\t\t\t\t<div class=\"elementor-swiper-button elementor-swiper-button-prev\" role=\"button\" tabindex=\"0\" aria-label=\"Predo\u0161l\u00e9\">\n\t\t\t\t\t\t\t<svg aria-hidden=\"true\" class=\"e-font-icon-svg e-eicon-chevron-left\" viewbox=\"0 0 1000 1000\" xmlns=\"http:\/\/www.w3.org\/2000\/svg\"><path d=\"M646 125C629 125 613 133 604 142L308 442C296 454 292 471 292 487 292 504 296 521 308 533L604 854C617 867 629 875 646 875 663 875 679 871 692 858 704 846 713 829 713 812 713 796 708 779 692 767L438 487 692 225C700 217 708 204 708 187 708 171 704 154 692 142 675 129 663 125 646 125Z\"><\/path><\/svg>\t\t\t\t\t\t<\/div>\n\t\t\t\t\t\t<div class=\"elementor-swiper-button elementor-swiper-button-next\" role=\"button\" tabindex=\"0\" aria-label=\"\u010eal\u0161ie\">\n\t\t\t\t\t\t\t<svg aria-hidden=\"true\" class=\"e-font-icon-svg e-eicon-chevron-right\" viewbox=\"0 0 1000 1000\" xmlns=\"http:\/\/www.w3.org\/2000\/svg\"><path d=\"M696 533C708 521 713 504 713 487 713 471 708 454 696 446L400 146C388 133 375 125 354 125 338 125 325 129 313 142 300 154 292 171 292 187 292 204 296 221 308 233L563 492 304 771C292 783 288 800 288 817 288 833 296 850 308 863 321 871 338 875 354 875 371 875 388 867 400 854L696 533Z\"><\/path><\/svg>\t\t\t\t\t\t<\/div>\n\t\t\t\t\t\t\t\t\t\t\t\t\t\t\t\t\t<\/div>\n\t\t\t\t\t\t\t\t<\/div>\n\t\t\t\t<\/div>\n\t\t\t\t<\/div>\n\t\t<div class=\"elementor-element elementor-element-c1ec780 e-flex e-con-boxed e-con e-parent\" data-id=\"c1ec780\" data-element_type=\"container\" data-settings=\"{&quot;background_background&quot;:&quot;classic&quot;}\">\n\t\t\t\t\t<div class=\"e-con-inner\">\n\t\t\t\t<div class=\"elementor-element elementor-element-b4f3946 elementor-align-center elementor-mobile-align-left elementor-icon-list--layout-traditional elementor-list-item-link-full_width elementor-widget elementor-widget-icon-list\" data-id=\"b4f3946\" data-element_type=\"widget\" data-widget_type=\"icon-list.default\">\n\t\t\t\t\t\t\t<ul class=\"elementor-icon-list-items\">\n\t\t\t\t\t\t\t<li class=\"elementor-icon-list-item\">\n\t\t\t\t\t\t\t\t\t\t\t<span class=\"elementor-icon-list-icon\">\n\t\t\t\t\t\t\t<svg aria-hidden=\"true\" class=\"e-font-icon-svg e-fas-map-marker-alt\" viewbox=\"0 0 384 512\" xmlns=\"http:\/\/www.w3.org\/2000\/svg\"><path d=\"M172.268 501.67C26.97 291.031 0 269.413 0 192 0 85.961 85.961 0 192 0s192 85.961 192 192c0 77.413-26.97 99.031-172.268 309.67-9.535 13.774-29.93 13.773-39.464 0zM192 272c44.183 0 80-35.817 80-80s-35.817-80-80-80-80 35.817-80 80 35.817 80 80 80z\"><\/path><\/svg>\t\t\t\t\t\t<\/span>\n\t\t\t\t\t\t\t\t\t\t<span class=\"elementor-icon-list-text\">Nekeas, A\u00f1orbe, Navarra<\/span>\n\t\t\t\t\t\t\t\t\t<\/li>\n\t\t\t\t\t\t<\/ul>\n\t\t\t\t\t\t<\/div>\n\t\t\t\t<div class=\"elementor-element elementor-element-1a386cd elementor-widget__width-initial elementor-widget elementor-widget-heading\" data-id=\"1a386cd\" data-element_type=\"widget\" data-widget_type=\"heading.default\">\n\t\t\t\t\t<h2 class=\"elementor-heading-title elementor-size-default\">Olivov\u00fd olej s jedine\u010dn\u00fdm charakterom regi\u00f3nu Navarra.<\/h2>\t\t\t\t<\/div>\n\t\t\t\t\t<\/div>\n\t\t\t\t<\/div>\n\t\t<div class=\"elementor-element elementor-element-68774bf e-con-full e-flex e-con e-parent\" data-id=\"68774bf\" data-element_type=\"container\" data-settings=\"{&quot;background_background&quot;:&quot;classic&quot;}\">\n\t\t<div class=\"elementor-element elementor-element-0c242cc e-con-full e-flex e-con e-child\" data-id=\"0c242cc\" data-element_type=\"container\">\n\t\t\t\t<div class=\"elementor-element elementor-element-0e203ad elementor-widget elementor-widget-heading\" data-id=\"0e203ad\" data-element_type=\"widget\" data-widget_type=\"heading.default\">\n\t\t\t\t\t<h2 class=\"elementor-heading-title elementor-size-default\">Extra panensk\u00fd olivov\u00fd olej Arbequina \n<\/h2>\t\t\t\t<\/div>\n\t\t\t\t<div class=\"elementor-element elementor-element-31eab26 elementor-widget elementor-widget-image\" data-id=\"31eab26\" data-element_type=\"widget\" data-widget_type=\"image.default\">\n\t\t\t\t\t\t\t\t\t\t\t\t\t\t\t<img fetchpriority=\"high\" decoding=\"async\" width=\"800\" height=\"63\" src=\"https:\/\/www.zrzky.sk\/wp-content\/uploads\/2025\/08\/underline-1024x81.png\" class=\"attachment-large size-large wp-image-128\" alt=\"\" srcset=\"https:\/\/www.zrzky.sk\/wp-content\/uploads\/2025\/08\/underline-1024x81.png 1024w, https:\/\/www.zrzky.sk\/wp-content\/uploads\/2025\/08\/underline-600x47.png 600w, https:\/\/www.zrzky.sk\/wp-content\/uploads\/2025\/08\/underline-300x24.png 300w, https:\/\/www.zrzky.sk\/wp-content\/uploads\/2025\/08\/underline-768x60.png 768w, https:\/\/www.zrzky.sk\/wp-content\/uploads\/2025\/08\/underline-1536x121.png 1536w, https:\/\/www.zrzky.sk\/wp-content\/uploads\/2025\/08\/underline-2048x161.png 2048w\" sizes=\"(max-width: 800px) 100vw, 800px\" \/>\t\t\t\t\t\t\t\t\t\t\t\t\t\t\t<\/div>\n\t\t\t\t<div class=\"elementor-element elementor-element-ab0d1d2 elementor-widget elementor-widget-text-editor\" data-id=\"ab0d1d2\" data-element_type=\"widget\" data-widget_type=\"text-editor.default\">\n\t\t\t\t\t\t\t\t\t<p>Prin\u00e1\u0161ame v\u00e1m v\u00fdnimo\u010dn\u00fd olej Arbequina priamo z \u00fadolia Valle de Nekeas, Navarra \u2013 regi\u00f3nu s jedine\u010dnou kl\u00edmou, kde sa stret\u00e1vaj\u00fa atlantick\u00e9 a stredomorsk\u00e9 vplyvy. To d\u00e1va tomuto oleju charakter, ktor\u00fd si zamilujete.<\/p><ul><li><p>100 % Arbequina \u2013 jemn\u00fd a aromatick\u00fd, s ovocn\u00fdmi t\u00f3nmi a dotykom zelen\u00fdch raj\u010diakov, ktor\u00fd osvie\u017ei ka\u017ed\u00fd pokrm.<\/p><\/li><li><p>V\u00fd\u0165a\u017eok pri teplote &lt; 24 \u00b0C \u2013 zachov\u00e1 autentick\u00fa chu\u0165 a v\u0161etky prospe\u0161n\u00e9 l\u00e1tky.<\/p><\/li><li><p>Acidity len 0,1 % \u2013 v\u00fdnimo\u010dne n\u00edzka, \u010do znamen\u00e1 h\u013abku chu\u0165ov\u00e9ho profilu bez horkosti.<\/p><\/li><li><p>Hodv\u00e1bna text\u00fara, zelen\u00e1 farba s \u010dist\u00fdm vzh\u013eadom \u2013 vizu\u00e1lna aj chu\u0165ov\u00e1 elegancia vo f\u013ea\u0161i.<\/p><\/li><\/ul>\t\t\t\t\t\t\t\t<\/div>\n\t\t\t\t<\/div>\n\t\t<div class=\"elementor-element elementor-element-2ff3ab6 e-con-full e-flex e-con e-child\" data-id=\"2ff3ab6\" data-element_type=\"container\" data-settings=\"{&quot;background_background&quot;:&quot;classic&quot;}\">\n\t\t\t\t<div class=\"elementor-element elementor-element-4a848f9 elementor-skin-carousel elementor-arrows-yes elementor-widget elementor-widget-media-carousel\" data-id=\"4a848f9\" data-element_type=\"widget\" data-settings=\"{&quot;slides_per_view&quot;:&quot;1&quot;,&quot;skin&quot;:&quot;carousel&quot;,&quot;effect&quot;:&quot;slide&quot;,&quot;show_arrows&quot;:&quot;yes&quot;,&quot;speed&quot;:500,&quot;autoplay&quot;:&quot;yes&quot;,&quot;autoplay_speed&quot;:5000,&quot;loop&quot;:&quot;yes&quot;,&quot;pause_on_hover&quot;:&quot;yes&quot;,&quot;pause_on_interaction&quot;:&quot;yes&quot;,&quot;space_between&quot;:{&quot;unit&quot;:&quot;px&quot;,&quot;size&quot;:10,&quot;sizes&quot;:[]},&quot;space_between_tablet&quot;:{&quot;unit&quot;:&quot;px&quot;,&quot;size&quot;:10,&quot;sizes&quot;:[]},&quot;space_between_mobile&quot;:{&quot;unit&quot;:&quot;px&quot;,&quot;size&quot;:10,&quot;sizes&quot;:[]}}\" data-widget_type=\"media-carousel.default\">\n\t\t\t\t\t\t\t\t\t\t<div class=\"elementor-main-swiper swiper\" role=\"region\" aria-roledescription=\"carousel\" aria-label=\"Slides\">\n\t\t\t\t<div class=\"swiper-wrapper\">\n\t\t\t\t\t\t\t\t\t\t\t<div class=\"swiper-slide\" role=\"group\" aria-roledescription=\"slide\">\n\t\t\t\t\t\t\t\t\t<div class=\"elementor-carousel-image\" role=\"img\" aria-label=\"Zrzky_2505_00063\" style=\"background-image: url(&#039;https:\/\/www.zrzky.sk\/wp-content\/uploads\/2025\/09\/Zrzky_2505_00063.jpg&#039;)\">\n\n\t\t\t\n\t\t\t\t\t<\/div>\n\t\t\t\t\t\t\t\t<\/div>\n\t\t\t\t\t\t\t\t\t<\/div>\n\t\t\t\t\t\t\t<\/div>\n\t\t\t\t\t\t\t\t<\/div>\n\t\t\t\t<\/div>\n\t\t\t\t<\/div>\n\t\t\t\t<\/div>","protected":false},"excerpt":{"rendered":"<p>Uguren Ugarte, Laguardia \u00c1lava Spain Objavte eleganciu Rioja v\u00edn zo srdca Laguardie. Exkluz\u00edvne v\u00edna Eguren Ugarte Do Bratislavy prin\u00e1\u0161ame nie\u010do v\u00fdnimo\u010dn\u00e9 \u2013 v\u00edna z legend\u00e1rneho \u0161panielskeho vin\u00e1rstva Eguren Ugarte. Toto vin\u00e1rstvo z oblasti Rioja patr\u00ed medzi ikony \u0161panielskeho vinohradn\u00edctva a jeho v\u00edna s\u00fa oce\u0148ovan\u00e9 na celom svete. V Zrzk\u00e1ch ich n\u00e1jdete exkluz\u00edvne iba u n\u00e1s [&hellip;]<\/p>","protected":false},"author":1,"featured_media":0,"parent":0,"menu_order":0,"comment_status":"closed","ping_status":"closed","template":"elementor_header_footer","meta":{"footnotes":""},"class_list":["post-1090","page","type-page","status-publish","hentry"],"yoast_head":"<!-- This site is optimized with the Yoast SEO plugin v26.3 - https:\/\/yoast.com\/wordpress\/plugins\/seo\/ -->\n<title>Produkty - Zrzky Wine &amp; Tapas<\/title>\n<meta name=\"description\" content=\"Zrzky Wine &amp; Tapas \u2013 vin\u00e1re\u0148 v srdci Bratislavy. \u0160panielske v\u00edna, tapas a \u017eiv\u00e1 hudba v autentickej atmosf\u00e9re, ktor\u00fa si zamilujete.\" \/>\n<meta name=\"robots\" content=\"index, follow, max-snippet:-1, max-image-preview:large, max-video-preview:-1\" \/>\n<link rel=\"canonical\" href=\"https:\/\/www.zrzky.sk\/en\/produkty\/\" \/>\n<meta property=\"og:locale\" content=\"en_GB\" \/>\n<meta property=\"og:type\" content=\"article\" \/>\n<meta property=\"og:title\" content=\"Produkty - Zrzky Wine &amp; Tapas\" \/>\n<meta property=\"og:description\" content=\"Zrzky Wine &amp; Tapas \u2013 vin\u00e1re\u0148 v srdci Bratislavy. \u0160panielske v\u00edna, tapas a \u017eiv\u00e1 hudba v autentickej atmosf\u00e9re, ktor\u00fa si zamilujete.\" \/>\n<meta property=\"og:url\" content=\"https:\/\/www.zrzky.sk\/en\/produkty\/\" \/>\n<meta property=\"og:site_name\" content=\"Zrzky Wine &amp; Tapas\" \/>\n<meta property=\"article:publisher\" content=\"https:\/\/www.facebook.com\/zrzky.bratislava\/?locale=sk_SK\" \/>\n<meta property=\"article:modified_time\" content=\"2025-09-28T16:03:45+00:00\" \/>\n<meta property=\"og:image\" content=\"https:\/\/www.zrzky.sk\/wp-content\/uploads\/2025\/08\/underline.png\" \/>\n\t<meta property=\"og:image:width\" content=\"2401\" \/>\n\t<meta property=\"og:image:height\" content=\"189\" \/>\n\t<meta property=\"og:image:type\" content=\"image\/png\" \/>\n<meta name=\"twitter:card\" content=\"summary_large_image\" \/>\n<meta name=\"twitter:label1\" content=\"Estimated reading time\" \/>\n\t<meta name=\"twitter:data1\" content=\"2 minutes\" \/>\n<script type=\"application\/ld+json\" class=\"yoast-schema-graph\">{\"@context\":\"https:\/\/schema.org\",\"@graph\":[{\"@type\":\"WebPage\",\"@id\":\"https:\/\/www.zrzky.sk\/produkty\",\"url\":\"https:\/\/www.zrzky.sk\/produkty\",\"name\":\"Produkty - Zrzky Wine &amp; Tapas\",\"isPartOf\":{\"@id\":\"https:\/\/www.zrzky.sk\/#website\"},\"primaryImageOfPage\":{\"@id\":\"https:\/\/www.zrzky.sk\/produkty#primaryimage\"},\"image\":{\"@id\":\"https:\/\/www.zrzky.sk\/produkty#primaryimage\"},\"thumbnailUrl\":\"https:\/\/www.zrzky.sk\/wp-content\/uploads\/2025\/08\/underline-1024x81.png\",\"datePublished\":\"2025-09-16T15:56:12+00:00\",\"dateModified\":\"2025-09-28T16:03:45+00:00\",\"description\":\"Zrzky Wine & Tapas \u2013 vin\u00e1re\u0148 v srdci Bratislavy. \u0160panielske v\u00edna, tapas a \u017eiv\u00e1 hudba v autentickej atmosf\u00e9re, ktor\u00fa si zamilujete.\",\"breadcrumb\":{\"@id\":\"https:\/\/www.zrzky.sk\/produkty#breadcrumb\"},\"inLanguage\":\"en-GB\",\"potentialAction\":[{\"@type\":\"ReadAction\",\"target\":[\"https:\/\/www.zrzky.sk\/produkty\"]}]},{\"@type\":\"ImageObject\",\"inLanguage\":\"en-GB\",\"@id\":\"https:\/\/www.zrzky.sk\/produkty#primaryimage\",\"url\":\"https:\/\/www.zrzky.sk\/wp-content\/uploads\/2025\/08\/underline-1024x81.png\",\"contentUrl\":\"https:\/\/www.zrzky.sk\/wp-content\/uploads\/2025\/08\/underline-1024x81.png\"},{\"@type\":\"BreadcrumbList\",\"@id\":\"https:\/\/www.zrzky.sk\/produkty#breadcrumb\",\"itemListElement\":[{\"@type\":\"ListItem\",\"position\":1,\"name\":\"Domovsk\u00e1 str\u00e1nka\",\"item\":\"https:\/\/www.zrzky.sk\/\"},{\"@type\":\"ListItem\",\"position\":2,\"name\":\"Produkty\"}]},{\"@type\":\"WebSite\",\"@id\":\"https:\/\/www.zrzky.sk\/#website\",\"url\":\"https:\/\/www.zrzky.sk\/\",\"name\":\"Zrzky Wine & Tapas\",\"description\":\"\",\"publisher\":{\"@id\":\"https:\/\/www.zrzky.sk\/#organization\"},\"potentialAction\":[{\"@type\":\"SearchAction\",\"target\":{\"@type\":\"EntryPoint\",\"urlTemplate\":\"https:\/\/www.zrzky.sk\/?s={search_term_string}\"},\"query-input\":{\"@type\":\"PropertyValueSpecification\",\"valueRequired\":true,\"valueName\":\"search_term_string\"}}],\"inLanguage\":\"en-GB\"},{\"@type\":\"Organization\",\"@id\":\"https:\/\/www.zrzky.sk\/#organization\",\"name\":\"Zrzky Wine & Tapas\",\"url\":\"https:\/\/www.zrzky.sk\/\",\"logo\":{\"@type\":\"ImageObject\",\"inLanguage\":\"en-GB\",\"@id\":\"https:\/\/www.zrzky.sk\/#\/schema\/logo\/image\/\",\"url\":\"https:\/\/www.zrzky.sk\/wp-content\/uploads\/2025\/08\/logo_kruh2.png\",\"contentUrl\":\"https:\/\/www.zrzky.sk\/wp-content\/uploads\/2025\/08\/logo_kruh2.png\",\"width\":996,\"height\":610,\"caption\":\"Zrzky Wine & Tapas\"},\"image\":{\"@id\":\"https:\/\/www.zrzky.sk\/#\/schema\/logo\/image\/\"},\"sameAs\":[\"https:\/\/www.facebook.com\/zrzky.bratislava\/?locale=sk_SK\",\"https:\/\/www.instagram.com\/zrzky.bratislava\/\"]}]}<\/script>\n<!-- \/ Yoast SEO plugin. -->","yoast_head_json":{"title":"Produkty - Zrzky Wine &amp; Tapas","description":"Zrzky Wine & Tapas \u2013 vin\u00e1re\u0148 v srdci Bratislavy. \u0160panielske v\u00edna, tapas a \u017eiv\u00e1 hudba v autentickej atmosf\u00e9re, ktor\u00fa si zamilujete.","robots":{"index":"index","follow":"follow","max-snippet":"max-snippet:-1","max-image-preview":"max-image-preview:large","max-video-preview":"max-video-preview:-1"},"canonical":"https:\/\/www.zrzky.sk\/en\/produkty\/","og_locale":"en_GB","og_type":"article","og_title":"Produkty - Zrzky Wine &amp; Tapas","og_description":"Zrzky Wine & Tapas \u2013 vin\u00e1re\u0148 v srdci Bratislavy. \u0160panielske v\u00edna, tapas a \u017eiv\u00e1 hudba v autentickej atmosf\u00e9re, ktor\u00fa si zamilujete.","og_url":"https:\/\/www.zrzky.sk\/en\/produkty\/","og_site_name":"Zrzky Wine &amp; Tapas","article_publisher":"https:\/\/www.facebook.com\/zrzky.bratislava\/?locale=sk_SK","article_modified_time":"2025-09-28T16:03:45+00:00","og_image":[{"width":2401,"height":189,"url":"https:\/\/www.zrzky.sk\/wp-content\/uploads\/2025\/08\/underline.png","type":"image\/png"}],"twitter_card":"summary_large_image","twitter_misc":{"Estimated reading time":"2 minutes"},"schema":{"@context":"https:\/\/schema.org","@graph":[{"@type":"WebPage","@id":"https:\/\/www.zrzky.sk\/produkty","url":"https:\/\/www.zrzky.sk\/produkty","name":"Produkty - Zrzky Wine &amp; Tapas","isPartOf":{"@id":"https:\/\/www.zrzky.sk\/#website"},"primaryImageOfPage":{"@id":"https:\/\/www.zrzky.sk\/produkty#primaryimage"},"image":{"@id":"https:\/\/www.zrzky.sk\/produkty#primaryimage"},"thumbnailUrl":"https:\/\/www.zrzky.sk\/wp-content\/uploads\/2025\/08\/underline-1024x81.png","datePublished":"2025-09-16T15:56:12+00:00","dateModified":"2025-09-28T16:03:45+00:00","description":"Zrzky Wine & Tapas \u2013 vin\u00e1re\u0148 v srdci Bratislavy. \u0160panielske v\u00edna, tapas a \u017eiv\u00e1 hudba v autentickej atmosf\u00e9re, ktor\u00fa si zamilujete.","breadcrumb":{"@id":"https:\/\/www.zrzky.sk\/produkty#breadcrumb"},"inLanguage":"en-GB","potentialAction":[{"@type":"ReadAction","target":["https:\/\/www.zrzky.sk\/produkty"]}]},{"@type":"ImageObject","inLanguage":"en-GB","@id":"https:\/\/www.zrzky.sk\/produkty#primaryimage","url":"https:\/\/www.zrzky.sk\/wp-content\/uploads\/2025\/08\/underline-1024x81.png","contentUrl":"https:\/\/www.zrzky.sk\/wp-content\/uploads\/2025\/08\/underline-1024x81.png"},{"@type":"BreadcrumbList","@id":"https:\/\/www.zrzky.sk\/produkty#breadcrumb","itemListElement":[{"@type":"ListItem","position":1,"name":"Domovsk\u00e1 str\u00e1nka","item":"https:\/\/www.zrzky.sk\/"},{"@type":"ListItem","position":2,"name":"Produkty"}]},{"@type":"WebSite","@id":"https:\/\/www.zrzky.sk\/#website","url":"https:\/\/www.zrzky.sk\/","name":"Zrzky Wine & Tapas","description":"","publisher":{"@id":"https:\/\/www.zrzky.sk\/#organization"},"potentialAction":[{"@type":"SearchAction","target":{"@type":"EntryPoint","urlTemplate":"https:\/\/www.zrzky.sk\/?s={search_term_string}"},"query-input":{"@type":"PropertyValueSpecification","valueRequired":true,"valueName":"search_term_string"}}],"inLanguage":"en-GB"},{"@type":"Organization","@id":"https:\/\/www.zrzky.sk\/#organization","name":"Zrzky Wine & Tapas","url":"https:\/\/www.zrzky.sk\/","logo":{"@type":"ImageObject","inLanguage":"en-GB","@id":"https:\/\/www.zrzky.sk\/#\/schema\/logo\/image\/","url":"https:\/\/www.zrzky.sk\/wp-content\/uploads\/2025\/08\/logo_kruh2.png","contentUrl":"https:\/\/www.zrzky.sk\/wp-content\/uploads\/2025\/08\/logo_kruh2.png","width":996,"height":610,"caption":"Zrzky Wine & Tapas"},"image":{"@id":"https:\/\/www.zrzky.sk\/#\/schema\/logo\/image\/"},"sameAs":["https:\/\/www.facebook.com\/zrzky.bratislava\/?locale=sk_SK","https:\/\/www.instagram.com\/zrzky.bratislava\/"]}]}},"_links":{"self":[{"href":"https:\/\/www.zrzky.sk\/en\/wp-json\/wp\/v2\/pages\/1090","targetHints":{"allow":["GET"]}}],"collection":[{"href":"https:\/\/www.zrzky.sk\/en\/wp-json\/wp\/v2\/pages"}],"about":[{"href":"https:\/\/www.zrzky.sk\/en\/wp-json\/wp\/v2\/types\/page"}],"author":[{"embeddable":true,"href":"https:\/\/www.zrzky.sk\/en\/wp-json\/wp\/v2\/users\/1"}],"replies":[{"embeddable":true,"href":"https:\/\/www.zrzky.sk\/en\/wp-json\/wp\/v2\/comments?post=1090"}],"version-history":[{"count":34,"href":"https:\/\/www.zrzky.sk\/en\/wp-json\/wp\/v2\/pages\/1090\/revisions"}],"predecessor-version":[{"id":1153,"href":"https:\/\/www.zrzky.sk\/en\/wp-json\/wp\/v2\/pages\/1090\/revisions\/1153"}],"wp:attachment":[{"href":"https:\/\/www.zrzky.sk\/en\/wp-json\/wp\/v2\/media?parent=1090"}],"curies":[{"name":"wp","href":"https:\/\/api.w.org\/{rel}","templated":true}]}}