{"id":10,"date":"2025-08-11T09:37:46","date_gmt":"2025-08-11T09:37:46","guid":{"rendered":"https:\/\/www.zrzky.sk\/menu"},"modified":"2025-11-18T16:59:00","modified_gmt":"2025-11-18T16:59:00","slug":"menu","status":"publish","type":"page","link":"https:\/\/www.zrzky.sk\/en\/menu","title":{"rendered":"Menu"},"content":{"rendered":"<div data-elementor-type=\"wp-page\" data-elementor-id=\"10\" class=\"elementor elementor-10\" data-elementor-post-type=\"page\">\n\t\t\t\t<div class=\"elementor-element elementor-element-964625a e-flex e-con-boxed e-con e-parent\" data-id=\"964625a\" data-element_type=\"container\">\n\t\t\t\t\t<div class=\"e-con-inner\">\n\t\t<div class=\"elementor-element elementor-element-b656f8a e-con-full e-flex e-con e-child\" data-id=\"b656f8a\" data-element_type=\"container\">\n\t\t<div class=\"elementor-element elementor-element-105665e e-con-full e-flex e-con e-child\" data-id=\"105665e\" data-element_type=\"container\">\n\t\t\t\t<div class=\"elementor-element elementor-element-3794aa2 elementor-widget elementor-widget-shortcode\" data-id=\"3794aa2\" data-element_type=\"widget\" data-widget_type=\"shortcode.default\">\n\t\t\t\t\t\t\t<div class=\"elementor-shortcode\"><div class=\"_df_book df-lite\" id=\"df_426\"  _slug=\"426\" data-title=\"\" wpoptions=\"true\" thumbtype=\"\" ><\/div><script class=\"df-shortcode-script\" nowprocket type=\"application\/javascript\">window.option_df_426 = {\"outline\":[],\"backgroundColor\":\"FFFFFF\",\"autoEnableOutline\":\"false\",\"autoEnableThumbnail\":\"false\",\"overwritePDFOutline\":\"false\",\"enableDownload\":\"false\",\"direction\":\"1\",\"pageSize\":\"0\",\"soundEnable\":\"false\",\"source\":\"https:\\\/\\\/www.zrzky.sk\\\/wp-content\\\/uploads\\\/2025\\\/08\\\/FULL-MENU-2025.pdf\",\"wpOptions\":\"true\"}; if(window.DFLIP && window.DFLIP.parseBooks){window.DFLIP.parseBooks();}<\/script><\/div>\n\t\t\t\t\t\t<\/div>\n\t\t\t\t<\/div>\n\t\t<div class=\"elementor-element elementor-element-01b5386 e-flex e-con-boxed e-con e-child\" data-id=\"01b5386\" data-element_type=\"container\">\n\t\t\t\t\t<div class=\"e-con-inner\">\n\t\t<div class=\"elementor-element elementor-element-003fb7e e-con-full e-flex e-con e-child\" data-id=\"003fb7e\" data-element_type=\"container\">\n\t\t\t\t<div class=\"elementor-element elementor-element-4a0f1c4 elementor-align-center elementor-mobile-align-justify elementor-widget elementor-widget-button\" data-id=\"4a0f1c4\" data-element_type=\"widget\" data-widget_type=\"button.default\">\n\t\t\t\t\t\t\t\t\t\t<a class=\"elementor-button elementor-button-link elementor-size-sm\" href=\"https:\/\/www.zrzky.sk\/wp-content\/uploads\/2025\/11\/TAPAS-KARTA2025.pdf\">\n\t\t\t\t\t\t<span class=\"elementor-button-content-wrapper\">\n\t\t\t\t\t\t\t\t\t<span class=\"elementor-button-text\">TAPAS MENU SK<\/span>\n\t\t\t\t\t<\/span>\n\t\t\t\t\t<\/a>\n\t\t\t\t\t\t\t\t<\/div>\n\t\t\t\t<\/div>\n\t\t<div class=\"elementor-element elementor-element-ae7c366 e-con-full e-flex e-con e-child\" data-id=\"ae7c366\" data-element_type=\"container\">\n\t\t\t\t<div class=\"elementor-element elementor-element-2ba1fc4 elementor-align-center elementor-mobile-align-justify elementor-widget elementor-widget-button\" data-id=\"2ba1fc4\" data-element_type=\"widget\" data-widget_type=\"button.default\">\n\t\t\t\t\t\t\t\t\t\t<a class=\"elementor-button elementor-button-link elementor-size-sm\" href=\"https:\/\/www.zrzky.sk\/wp-content\/uploads\/2025\/08\/NAPOJOVA-KARTA.pdf\">\n\t\t\t\t\t\t<span class=\"elementor-button-content-wrapper\">\n\t\t\t\t\t\t\t\t\t<span class=\"elementor-button-text\">DRINKS SK<\/span>\n\t\t\t\t\t<\/span>\n\t\t\t\t\t<\/a>\n\t\t\t\t\t\t\t\t<\/div>\n\t\t\t\t<\/div>\n\t\t<div class=\"elementor-element elementor-element-e1dd8a4 e-con-full e-flex e-con e-child\" data-id=\"e1dd8a4\" data-element_type=\"container\">\n\t\t\t\t<div class=\"elementor-element elementor-element-8bf2bf0 elementor-align-center elementor-mobile-align-justify elementor-widget elementor-widget-button\" data-id=\"8bf2bf0\" data-element_type=\"widget\" data-widget_type=\"button.default\">\n\t\t\t\t\t\t\t\t\t\t<a class=\"elementor-button elementor-button-link elementor-size-sm\" href=\"https:\/\/www.zrzky.sk\/wp-content\/uploads\/2025\/11\/VINNA-KARTA25.pdf\">\n\t\t\t\t\t\t<span class=\"elementor-button-content-wrapper\">\n\t\t\t\t\t\t\t\t\t<span class=\"elementor-button-text\">WINE MENU SK<\/span>\n\t\t\t\t\t<\/span>\n\t\t\t\t\t<\/a>\n\t\t\t\t\t\t\t\t<\/div>\n\t\t\t\t<\/div>\n\t\t\t\t\t<\/div>\n\t\t\t\t<\/div>\n\t\t\t\t<\/div>\n\t\t\t\t\t<\/div>\n\t\t\t\t<\/div>\n\t\t\t\t<\/div>","protected":false},"excerpt":{"rendered":"<p>TAPAS MENU SK N\u00c1POJE SK V\u00cdNNA KARTA SK<\/p>","protected":false},"author":1,"featured_media":0,"parent":0,"menu_order":0,"comment_status":"closed","ping_status":"closed","template":"elementor_header_footer","meta":{"footnotes":""},"class_list":["post-10","page","type-page","status-publish","hentry"],"yoast_head":"<!-- This site is optimized with the Yoast SEO plugin v26.3 - https:\/\/yoast.com\/wordpress\/plugins\/seo\/ -->\n<title>Menu - Zrzky Wine &amp; Tapas<\/title>\n<meta name=\"description\" content=\"Autentick\u00e9 \u0161panielske tapas, v\u00fdberov\u00e9 v\u00edna, sez\u00f3nna ponuka. Pozrite si na\u0161e aktu\u00e1lne menu a nechajte sa in\u0161pirova\u0165!\" \/>\n<meta name=\"robots\" content=\"index, follow, max-snippet:-1, max-image-preview:large, max-video-preview:-1\" \/>\n<link rel=\"canonical\" href=\"https:\/\/www.zrzky.sk\/en\/menu\/\" \/>\n<meta property=\"og:locale\" content=\"en_GB\" \/>\n<meta property=\"og:type\" content=\"article\" \/>\n<meta property=\"og:title\" content=\"Menu - Zrzky Wine &amp; Tapas\" \/>\n<meta property=\"og:description\" content=\"Autentick\u00e9 \u0161panielske tapas, v\u00fdberov\u00e9 v\u00edna, sez\u00f3nna ponuka. Pozrite si na\u0161e aktu\u00e1lne menu a nechajte sa in\u0161pirova\u0165!\" \/>\n<meta property=\"og:url\" content=\"https:\/\/www.zrzky.sk\/en\/menu\/\" \/>\n<meta property=\"og:site_name\" content=\"Zrzky Wine &amp; Tapas\" \/>\n<meta property=\"article:publisher\" content=\"https:\/\/www.facebook.com\/zrzky.bratislava\/?locale=sk_SK\" \/>\n<meta property=\"article:modified_time\" content=\"2025-11-18T16:59:00+00:00\" \/>\n<meta name=\"twitter:card\" content=\"summary_large_image\" \/>\n<meta name=\"twitter:label1\" content=\"Estimated reading time\" \/>\n\t<meta name=\"twitter:data1\" content=\"1 minute\" \/>\n<script type=\"application\/ld+json\" class=\"yoast-schema-graph\">{\"@context\":\"https:\/\/schema.org\",\"@graph\":[{\"@type\":\"WebPage\",\"@id\":\"https:\/\/www.zrzky.sk\/menu\",\"url\":\"https:\/\/www.zrzky.sk\/menu\",\"name\":\"Menu - Zrzky Wine &amp; Tapas\",\"isPartOf\":{\"@id\":\"https:\/\/www.zrzky.sk\/#website\"},\"datePublished\":\"2025-08-11T09:37:46+00:00\",\"dateModified\":\"2025-11-18T16:59:00+00:00\",\"description\":\"Autentick\u00e9 \u0161panielske tapas, v\u00fdberov\u00e9 v\u00edna, sez\u00f3nna ponuka. Pozrite si na\u0161e aktu\u00e1lne menu a nechajte sa in\u0161pirova\u0165!\",\"breadcrumb\":{\"@id\":\"https:\/\/www.zrzky.sk\/menu#breadcrumb\"},\"inLanguage\":\"en-GB\",\"potentialAction\":[{\"@type\":\"ReadAction\",\"target\":[\"https:\/\/www.zrzky.sk\/menu\"]}]},{\"@type\":\"BreadcrumbList\",\"@id\":\"https:\/\/www.zrzky.sk\/menu#breadcrumb\",\"itemListElement\":[{\"@type\":\"ListItem\",\"position\":1,\"name\":\"Domovsk\u00e1 str\u00e1nka\",\"item\":\"https:\/\/www.zrzky.sk\/\"},{\"@type\":\"ListItem\",\"position\":2,\"name\":\"Menu\"}]},{\"@type\":\"WebSite\",\"@id\":\"https:\/\/www.zrzky.sk\/#website\",\"url\":\"https:\/\/www.zrzky.sk\/\",\"name\":\"Zrzky Wine & Tapas\",\"description\":\"\",\"publisher\":{\"@id\":\"https:\/\/www.zrzky.sk\/#organization\"},\"potentialAction\":[{\"@type\":\"SearchAction\",\"target\":{\"@type\":\"EntryPoint\",\"urlTemplate\":\"https:\/\/www.zrzky.sk\/?s={search_term_string}\"},\"query-input\":{\"@type\":\"PropertyValueSpecification\",\"valueRequired\":true,\"valueName\":\"search_term_string\"}}],\"inLanguage\":\"en-GB\"},{\"@type\":\"Organization\",\"@id\":\"https:\/\/www.zrzky.sk\/#organization\",\"name\":\"Zrzky Wine & Tapas\",\"url\":\"https:\/\/www.zrzky.sk\/\",\"logo\":{\"@type\":\"ImageObject\",\"inLanguage\":\"en-GB\",\"@id\":\"https:\/\/www.zrzky.sk\/#\/schema\/logo\/image\/\",\"url\":\"https:\/\/www.zrzky.sk\/wp-content\/uploads\/2025\/08\/logo_kruh2.png\",\"contentUrl\":\"https:\/\/www.zrzky.sk\/wp-content\/uploads\/2025\/08\/logo_kruh2.png\",\"width\":996,\"height\":610,\"caption\":\"Zrzky Wine & Tapas\"},\"image\":{\"@id\":\"https:\/\/www.zrzky.sk\/#\/schema\/logo\/image\/\"},\"sameAs\":[\"https:\/\/www.facebook.com\/zrzky.bratislava\/?locale=sk_SK\",\"https:\/\/www.instagram.com\/zrzky.bratislava\/\"]}]}<\/script>\n<!-- \/ Yoast SEO plugin. -->","yoast_head_json":{"title":"Menu - Zrzky Wine &amp; Tapas","description":"Autentick\u00e9 \u0161panielske tapas, v\u00fdberov\u00e9 v\u00edna, sez\u00f3nna ponuka. Pozrite si na\u0161e aktu\u00e1lne menu a nechajte sa in\u0161pirova\u0165!","robots":{"index":"index","follow":"follow","max-snippet":"max-snippet:-1","max-image-preview":"max-image-preview:large","max-video-preview":"max-video-preview:-1"},"canonical":"https:\/\/www.zrzky.sk\/en\/menu\/","og_locale":"en_GB","og_type":"article","og_title":"Menu - Zrzky Wine &amp; Tapas","og_description":"Autentick\u00e9 \u0161panielske tapas, v\u00fdberov\u00e9 v\u00edna, sez\u00f3nna ponuka. Pozrite si na\u0161e aktu\u00e1lne menu a nechajte sa in\u0161pirova\u0165!","og_url":"https:\/\/www.zrzky.sk\/en\/menu\/","og_site_name":"Zrzky Wine &amp; Tapas","article_publisher":"https:\/\/www.facebook.com\/zrzky.bratislava\/?locale=sk_SK","article_modified_time":"2025-11-18T16:59:00+00:00","twitter_card":"summary_large_image","twitter_misc":{"Estimated reading time":"1 minute"},"schema":{"@context":"https:\/\/schema.org","@graph":[{"@type":"WebPage","@id":"https:\/\/www.zrzky.sk\/menu","url":"https:\/\/www.zrzky.sk\/menu","name":"Menu - Zrzky Wine &amp; Tapas","isPartOf":{"@id":"https:\/\/www.zrzky.sk\/#website"},"datePublished":"2025-08-11T09:37:46+00:00","dateModified":"2025-11-18T16:59:00+00:00","description":"Autentick\u00e9 \u0161panielske tapas, v\u00fdberov\u00e9 v\u00edna, sez\u00f3nna ponuka. Pozrite si na\u0161e aktu\u00e1lne menu a nechajte sa in\u0161pirova\u0165!","breadcrumb":{"@id":"https:\/\/www.zrzky.sk\/menu#breadcrumb"},"inLanguage":"en-GB","potentialAction":[{"@type":"ReadAction","target":["https:\/\/www.zrzky.sk\/menu"]}]},{"@type":"BreadcrumbList","@id":"https:\/\/www.zrzky.sk\/menu#breadcrumb","itemListElement":[{"@type":"ListItem","position":1,"name":"Domovsk\u00e1 str\u00e1nka","item":"https:\/\/www.zrzky.sk\/"},{"@type":"ListItem","position":2,"name":"Menu"}]},{"@type":"WebSite","@id":"https:\/\/www.zrzky.sk\/#website","url":"https:\/\/www.zrzky.sk\/","name":"Zrzky Wine & Tapas","description":"","publisher":{"@id":"https:\/\/www.zrzky.sk\/#organization"},"potentialAction":[{"@type":"SearchAction","target":{"@type":"EntryPoint","urlTemplate":"https:\/\/www.zrzky.sk\/?s={search_term_string}"},"query-input":{"@type":"PropertyValueSpecification","valueRequired":true,"valueName":"search_term_string"}}],"inLanguage":"en-GB"},{"@type":"Organization","@id":"https:\/\/www.zrzky.sk\/#organization","name":"Zrzky Wine & Tapas","url":"https:\/\/www.zrzky.sk\/","logo":{"@type":"ImageObject","inLanguage":"en-GB","@id":"https:\/\/www.zrzky.sk\/#\/schema\/logo\/image\/","url":"https:\/\/www.zrzky.sk\/wp-content\/uploads\/2025\/08\/logo_kruh2.png","contentUrl":"https:\/\/www.zrzky.sk\/wp-content\/uploads\/2025\/08\/logo_kruh2.png","width":996,"height":610,"caption":"Zrzky Wine & Tapas"},"image":{"@id":"https:\/\/www.zrzky.sk\/#\/schema\/logo\/image\/"},"sameAs":["https:\/\/www.facebook.com\/zrzky.bratislava\/?locale=sk_SK","https:\/\/www.instagram.com\/zrzky.bratislava\/"]}]}},"_links":{"self":[{"href":"https:\/\/www.zrzky.sk\/en\/wp-json\/wp\/v2\/pages\/10","targetHints":{"allow":["GET"]}}],"collection":[{"href":"https:\/\/www.zrzky.sk\/en\/wp-json\/wp\/v2\/pages"}],"about":[{"href":"https:\/\/www.zrzky.sk\/en\/wp-json\/wp\/v2\/types\/page"}],"author":[{"embeddable":true,"href":"https:\/\/www.zrzky.sk\/en\/wp-json\/wp\/v2\/users\/1"}],"replies":[{"embeddable":true,"href":"https:\/\/www.zrzky.sk\/en\/wp-json\/wp\/v2\/comments?post=10"}],"version-history":[{"count":61,"href":"https:\/\/www.zrzky.sk\/en\/wp-json\/wp\/v2\/pages\/10\/revisions"}],"predecessor-version":[{"id":1178,"href":"https:\/\/www.zrzky.sk\/en\/wp-json\/wp\/v2\/pages\/10\/revisions\/1178"}],"wp:attachment":[{"href":"https:\/\/www.zrzky.sk\/en\/wp-json\/wp\/v2\/media?parent=10"}],"curies":[{"name":"wp","href":"https:\/\/api.w.org\/{rel}","templated":true}]}}